{"id":462021,"date":"2025-05-09T12:33:34","date_gmt":"2025-05-09T11:33:34","guid":{"rendered":"https:\/\/archive.classiccar-auctions.com\/?post_type=product&#038;p=462021"},"modified":"2025-05-09T12:53:36","modified_gmt":"2025-05-09T11:53:36","slug":"auction-catalog-the-joop-stolze-classic-cars-company-closing-auction","status":"publish","type":"product","link":"https:\/\/archive.classiccar-auctions.com\/fr\/produit\/auction-catalog-the-joop-stolze-classic-cars-company-closing-auction\/","title":{"rendered":"Catalogue de vente aux ench\u00e8res \u2013 Vente aux ench\u00e8res de cl\u00f4ture de la soci\u00e9t\u00e9 Joop Stolze Classic Cars"},"content":{"rendered":"<div id=\"fws_69d77f743a329\"  data-column-margin=\"default\" data-midnight=\"dark\"  class=\"wpb_row vc_row-fluid vc_row\"  style=\"padding-top: 0px; padding-bottom: 0px; \"><div class=\"row-bg-wrap\" data-bg-animation=\"none\" data-bg-animation-delay=\"\" data-bg-overlay=\"false\"><div class=\"inner-wrap row-bg-layer\" ><div class=\"row-bg viewport-desktop\"  style=\"\"><\/div><\/div><\/div><div class=\"row_col_wrap_12 col span_12 dark left\">\n\t<div  class=\"vc_col-sm-12 wpb_column column_container vc_column_container col no-extra-padding inherit_tablet inherit_phone\"  data-padding-pos=\"all\" data-has-bg-color=\"false\" data-bg-color=\"\" data-bg-opacity=\"1\" data-animation=\"\" data-delay=\"0\" >\n\t\t<div class=\"vc_column-inner\" >\n\t\t\t<div class=\"wpb_wrapper\">\n\t\t\t\t\n<div class=\"wpb_text_column wpb_content_element\" >\n\t<div class=\"wpb_wrapper\">\n\t\t<p>D\u00e9couvrez les tr\u00e9sors cach\u00e9s de <a href=\"https:\/\/www.classiccar-auctions.com\/stolze\/\" target=\"_blank\" rel=\"noopener\"><strong>Vente aux ench\u00e8res de cl\u00f4ture de la soci\u00e9t\u00e9 Joop Stolze Classic Cars \u2013 Vendue par Classic Car Auctions<\/strong><\/a>. L&#039;une des collections de v\u00e9hicules classiques les plus impressionnantes d&#039;Europe prend d\u00e9sormais vie sous forme de livre. Ce livre magnifiquement con\u00e7u contient les 1 100 lots qui font partie de cette vente aux ench\u00e8res en ligne unique. Vous pouvez \u00e9galement lire comment cette collection sp\u00e9ciale est n\u00e9e. Ce livre offre un regard exclusif dans les coulisses d\u2019une vente aux ench\u00e8res exceptionnelle.<\/p>\n<p>Avec 240 pages de superbes photographies et descriptions de v\u00e9hicules \u2013 des voitures et motos classiques aux cyclomoteurs et objets de collection rares \u2013 ce livre est un incontournable absolu pour tout passionn\u00e9 de mobilit\u00e9 historique. Des marques embl\u00e9matiques comme Alfa Romeo, Mercedes-Benz et Porsche aux trouvailles uniques d&#039;\u00e9poques r\u00e9volues : chaque v\u00e9hicule de cette collection raconte sa propre histoire.<\/p>\n<p>Pr\u00e9sent\u00e9 dans une \u00e9l\u00e9gante couverture rigide et publi\u00e9 en \u00e9dition limit\u00e9e \u00e0 seulement 2 000 exemplaires, ce livre est non seulement un hommage \u00e0 la taille et \u00e0 la diversit\u00e9 de la collection, mais aussi un objet de collection pr\u00e9cieux pour la biblioth\u00e8que de tout passionn\u00e9 d&#039;automobile. Commandez d\u00e8s maintenant votre exemplaire de The Joop Stolze Classic Cars Company Closing Auction \u2013 Auctioned by Classic Car Auctions et vivez un voyage unique \u00e0 travers l&#039;histoire de plus d&#039;un millier de lots.<\/p>\n<p>Exp\u00e9dition sous 7 jours ouvr\u00e9s apr\u00e8s l&#039;achat.<\/p>\n\t<\/div>\n<\/div>\n\n\n\n\n\t\t\t<\/div> \n\t\t<\/div>\n\t<\/div> \n<\/div><\/div>\n\t\t<div id=\"fws_69d77f743a9a5\"  data-column-margin=\"default\" data-midnight=\"dark\" data-top-percent=\"3%\" data-bottom-percent=\"3%\"  class=\"wpb_row vc_row-fluid vc_row full-width-section  bottom_padding_tablet_30pct\"  style=\"padding-top: calc(100vw * 0.03); padding-bottom: calc(100vw * 0.03); \"><div class=\"row-bg-wrap\" data-bg-animation=\"none\" data-bg-animation-delay=\"\" data-bg-overlay=\"false\"><div class=\"inner-wrap row-bg-layer\" ><div class=\"row-bg viewport-desktop\"  style=\"\"><\/div><\/div><\/div><div class=\"row_col_wrap_12 col span_12 dark left\">\n\t<div  class=\"vc_col-sm-12 wpb_column column_container vc_column_container col no-extra-padding inherit_tablet inherit_phone\"  data-padding-pos=\"all\" data-has-bg-color=\"false\" data-bg-color=\"\" data-bg-opacity=\"1\" data-animation=\"\" data-delay=\"0\" >\n\t\t<div class=\"vc_column-inner\" >\n\t\t\t<div class=\"wpb_wrapper\">\n\t\t\t\t<div id=\"fws_69d77f743ad46\" data-midnight=\"\" data-column-margin=\"90px\" class=\"wpb_row vc_row-fluid vc_row inner_row vc_row-o-equal-height vc_row-flex\"  style=\"\"><div class=\"row-bg-wrap\"> <div class=\"row-bg\" ><\/div> <\/div><div class=\"row_col_wrap_12_inner col span_12  left\">\n\t<div  class=\"vc_col-sm-6 wpb_column column_container vc_column_container col child_column centered-text has-animation no-extra-padding el_spacing_0px inherit_tablet inherit_phone\"   data-padding-pos=\"all\" data-has-bg-color=\"false\" data-bg-color=\"\" data-bg-opacity=\"1\" data-animation=\"fade-in-from-bottom\" data-delay=\"0\" >\n\t\t<div class=\"vc_column-inner\" >\n\t\t<div class=\"wpb_wrapper\">\n\t\t\t\n<div class=\"wpb_text_column wpb_content_element\" style=\" max-width: 350px; display: inline-block;\">\n\t<div class=\"wpb_wrapper\">\n\t\t<h4>cr\u00e9er un compte<\/h4>\n\t<\/div>\n<\/div>\n\n\n\n<div class=\"divider-wrap\" data-alignment=\"default\"><div style=\"height: 15px;\" class=\"divider\"><\/div><\/div>\n<div class=\"wpb_text_column wpb_content_element\" style=\" max-width: 350px; display: inline-block;\">\n\t<div class=\"wpb_wrapper\">\n\t\t<p>Vous souhaitez ench\u00e9rir sur des lots d&#039;une des ench\u00e8res en cours ou \u00e0 venir ? Cr\u00e9ez un compte rapidement et facilement d\u00e8s maintenant ! L&#039;inscription est gratuite.<\/p>\n\t<\/div>\n<\/div>\n\n\n\n<div class=\"nectar-cta  alignment_tablet_default alignment_phone_default display_tablet_inherit display_phone_inherit\" data-color=\"default\" data-using-bg=\"false\" data-display=\"block\" data-style=\"underline\" data-alignment=\"center\" data-text-color=\"custom\" style=\"margin-top: 15px; \"><span style=\"color: #000000;\" class=\"nectar-button-type\"> <span class=\"link_wrap\" ><a target=\"_blank\" class=\"link_text\" style=\"border-color: #000000;\" role=\"button\" href=\"https:\/\/classiccar-auctions.com\/nl\/register\">Inscrivez-vous ici<\/a><\/span><\/span><\/div>\n\t\t<\/div> \n\t<\/div>\n\t<\/div> \n\n\t<div  class=\"vc_col-sm-6 wpb_column column_container vc_column_container col child_column centered-text has-animation no-extra-padding el_spacing_0px top_margin_tablet_20px inherit_tablet inherit_phone\"   data-padding-pos=\"all\" data-has-bg-color=\"false\" data-bg-color=\"\" data-bg-opacity=\"1\" data-animation=\"fade-in-from-bottom\" data-delay=\"200\" >\n\t\t<div class=\"vc_column-inner\" >\n\t\t<div class=\"wpb_wrapper\">\n\t\t\t\n<div class=\"wpb_text_column wpb_content_element\" style=\" max-width: 350px; display: inline-block;\">\n\t<div class=\"wpb_wrapper\">\n\t\t<h4>Vente aux ench\u00e8res de votre voiture<\/h4>\n\t<\/div>\n<\/div>\n\n\n\n<div class=\"divider-wrap\" data-alignment=\"default\"><div style=\"height: 15px;\" class=\"divider\"><\/div><\/div>\n<div class=\"wpb_text_column wpb_content_element\" style=\" max-width: 350px; display: inline-block;\">\n\t<div class=\"wpb_wrapper\">\n\t\t<p>Chez CCA, vous pouvez faire vendre aux ench\u00e8res votre voiture classique, sportive, Youngtimer ou sp\u00e9ciale de mani\u00e8re fiable et efficace. Depuis 2011 nous organisons un grand nombre de ventes aux ench\u00e8res par an avec une \u00e9quipe d&#039;employ\u00e9s d\u00e9vou\u00e9s et passionn\u00e9s.<\/p>\n\t<\/div>\n<\/div>\n\n\n\n<div class=\"nectar-cta  alignment_tablet_default alignment_phone_default display_tablet_inherit display_phone_inherit\" data-color=\"default\" data-using-bg=\"false\" data-display=\"block\" data-style=\"underline\" data-alignment=\"center\" data-text-color=\"custom\" style=\"margin-top: 15px; \"><span style=\"color: #000000;\" class=\"nectar-button-type\"> <span class=\"link_wrap\" ><a target=\"_blank\" class=\"link_text\" style=\"border-color: #000000;\" role=\"button\" href=\"https:\/\/classiccar-auctions.com\/nl\/auctionyourcar\">Cliquez ici pour plus d&#039;informations<\/a><\/span><\/span><\/div>\n\t\t<\/div> \n\t<\/div>\n\t<\/div> \n<\/div><\/div>\n\t\t\t<\/div> \n\t\t<\/div>\n\t<\/div> \n<\/div><\/div>\n\t\t<div id=\"fws_69d77f743b63e\"  data-column-margin=\"default\" data-midnight=\"dark\"  class=\"wpb_row vc_row-fluid vc_row full-width-content vc_row-o-equal-height vc_row-flex vc_row-o-content-top\"  style=\"padding-top: 0px; padding-bottom: 0px; \"><div class=\"row-bg-wrap\" data-bg-animation=\"none\" data-bg-animation-delay=\"\" data-bg-overlay=\"false\"><div class=\"inner-wrap row-bg-layer\" ><div class=\"row-bg viewport-desktop\"  style=\"\"><\/div><\/div><\/div><div class=\"row_col_wrap_12 col span_12 dark left\">\n\t<div  class=\"vc_col-sm-12 wpb_column column_container vc_column_container col no-extra-padding inherit_tablet inherit_phone\"  data-padding-pos=\"all\" data-has-bg-color=\"false\" data-bg-color=\"\" data-bg-opacity=\"1\" data-animation=\"\" data-delay=\"0\" >\n\t\t<div class=\"vc_column-inner\" >\n\t\t\t<div class=\"wpb_wrapper\">\n\t\t\t\t\n\t<div class=\"wpb_gallery wpb_content_element clearfix\">\n\t\t<div class=\"wpb_wrapper\"><div class=\"wpb_gallery_slidesflickity_style\" data-onclick=\"link_image\" data-interval=\"5\"><div class=\"nectar-flickity not-initialized\"  data-touch-icon-color=\"default\" data-stagger=\"\" data-drag-scale=\"\" data-overflow=\"hidden\" data-wrap=\"wrap\" data-spacing=\"default\" data-shadow=\"small_depth\" data-autoplay=\"\" data-autoplay-dur=\"\" data-free-scroll=\"\" data-controls=\"pagination\" data-desktop-columns=\"1\" data-small-desktop-columns=\"1\" data-tablet-columns=\"1\" data-phone-columns=\"1\"><div class=\"flickity-viewport\"> <div class=\"flickity-slider\"><div class=\"cell\" data-lazy=\"false\"><img loading=\"lazy\" decoding=\"async\" width=\"2000\" height=\"1429\" src=\"https:\/\/archive.classiccar-auctions.com\/wp-content\/uploads\/2025\/05\/cover.jpg\" class=\"skip-lazy nectar-lazy attachment-full\" alt=\"\" title=\"couverture\" srcset=\"https:\/\/archive.classiccar-auctions.com\/wp-content\/uploads\/2025\/05\/cover.jpg 2000w, https:\/\/archive.classiccar-auctions.com\/wp-content\/uploads\/2025\/05\/cover-600x429.jpg 600w\" sizes=\"auto, (max-width: 2000px) 100vw, 2000px\" \/><a class=\"entire-slide-link\"  href=\"https:\/\/archive.classiccar-auctions.com\/wp-content\/uploads\/2025\/05\/cover.jpg\"><\/a><\/div><\/div><\/div><\/div><\/div>\n\t\t<\/div> \n\t<\/div> \n\t\t\t<\/div> \n\t\t<\/div>\n\t<\/div> \n<\/div><\/div>","protected":false},"excerpt":{"rendered":"D\u00e9couvrez les tr\u00e9sors cach\u00e9s de la vente aux ench\u00e8res de cl\u00f4ture de la soci\u00e9t\u00e9 Joop Stolze Classic Cars, propos\u00e9e par Classic Car Auctions. L&#039;une des plus impressionnantes collections de v\u00e9hicules classiques d&#039;Europe est pr\u00e9sent\u00e9e...","protected":false},"featured_media":462022,"comment_status":"open","ping_status":"closed","template":"","meta":[],"product_brand":[],"product_cat":[670],"product_tag":[],"class_list":{"0":"post-462021","1":"product","2":"type-product","3":"status-publish","4":"has-post-thumbnail","6":"product_cat-catalog","8":"first","9":"instock","10":"taxable","11":"shipping-taxable","12":"purchasable","13":"product-type-simple"},"_links":{"self":[{"href":"https:\/\/archive.classiccar-auctions.com\/fr\/wp-json\/wp\/v2\/product\/462021","targetHints":{"allow":["GET"]}}],"collection":[{"href":"https:\/\/archive.classiccar-auctions.com\/fr\/wp-json\/wp\/v2\/product"}],"about":[{"href":"https:\/\/archive.classiccar-auctions.com\/fr\/wp-json\/wp\/v2\/types\/product"}],"replies":[{"embeddable":true,"href":"https:\/\/archive.classiccar-auctions.com\/fr\/wp-json\/wp\/v2\/comments?post=462021"}],"wp:featuredmedia":[{"embeddable":true,"href":"https:\/\/archive.classiccar-auctions.com\/fr\/wp-json\/wp\/v2\/media\/462022"}],"wp:attachment":[{"href":"https:\/\/archive.classiccar-auctions.com\/fr\/wp-json\/wp\/v2\/media?parent=462021"}],"wp:term":[{"taxonomy":"product_brand","embeddable":true,"href":"https:\/\/archive.classiccar-auctions.com\/fr\/wp-json\/wp\/v2\/product_brand?post=462021"},{"taxonomy":"product_cat","embeddable":true,"href":"https:\/\/archive.classiccar-auctions.com\/fr\/wp-json\/wp\/v2\/product_cat?post=462021"},{"taxonomy":"product_tag","embeddable":true,"href":"https:\/\/archive.classiccar-auctions.com\/fr\/wp-json\/wp\/v2\/product_tag?post=462021"}],"curies":[{"name":"wp","href":"https:\/\/api.w.org\/{rel}","templated":true}]}}