{"id":460654,"date":"2023-05-07T10:15:31","date_gmt":"2023-05-07T09:15:31","guid":{"rendered":"https:\/\/archive.classiccar-auctions.com\/product\/hoodie-with-logo\/"},"modified":"2023-05-30T14:40:28","modified_gmt":"2023-05-30T13:40:28","slug":"physical-catalog-the-palmen-barnfind-collection-by-gallery-aaldering","status":"publish","type":"product","link":"https:\/\/archive.classiccar-auctions.com\/fr\/produit\/physical-catalog-the-palmen-barnfind-collection-by-gallery-aaldering\/","title":{"rendered":"Catalogue de vente aux ench\u00e8res \u2013 The Palms Barnfind Collection"},"content":{"rendered":"<div id=\"fws_69d77f4a1f3de\"  data-column-margin=\"default\" data-midnight=\"dark\"  class=\"wpb_row vc_row-fluid vc_row\"  style=\"padding-top: 0px; padding-bottom: 0px; \"><div class=\"row-bg-wrap\" data-bg-animation=\"none\" data-bg-animation-delay=\"\" data-bg-overlay=\"false\"><div class=\"inner-wrap row-bg-layer\" ><div class=\"row-bg viewport-desktop\"  style=\"\"><\/div><\/div><\/div><div class=\"row_col_wrap_12 col span_12 dark left\">\n\t<div  class=\"vc_col-sm-12 wpb_column column_container vc_column_container col no-extra-padding inherit_tablet inherit_phone\"  data-padding-pos=\"all\" data-has-bg-color=\"false\" data-bg-color=\"\" data-bg-opacity=\"1\" data-animation=\"\" data-delay=\"0\" >\n\t\t<div class=\"vc_column-inner\" >\n\t\t\t<div class=\"wpb_wrapper\">\n\t\t\t\t\n<div class=\"wpb_text_column wpb_content_element\" >\n\t<div class=\"wpb_wrapper\">\n\t\t<p>D\u00e9couvrez les tr\u00e9sors cach\u00e9s de <em>La collection Palmen Barnfind de la galerie Aaldering \u2013 mise aux ench\u00e8res par Classic Car Auctions<\/em>. L&#039;une des d\u00e9couvertes de voitures classiques les plus fascinantes au monde ces derni\u00e8res d\u00e9cennies. Ce livre magnifiquement con\u00e7u contient les 236 lots qui font partie de la vente aux ench\u00e8res en ligne. Il montre \u00e9galement comment la collection est n\u00e9e. Ce livre offre une vision unique d&#039;une vente aux ench\u00e8res sp\u00e9ciale.<\/p>\n<p>Avec 240 pages de superbes photos et descriptions des voitures, y compris certains des mod\u00e8les les plus rares et les plus embl\u00e9matiques des ann\u00e9es 1950, 1960 et 1970, ce livre est un must absolu pour tout amateur de voitures. De la belle Lancia Aurelia B24 Spider America aux nombreuses Facel Vegas, chaque v\u00e9hicule de cette collection a une histoire \u00e0 raconter et ce num\u00e9ro vous propose de tous les d\u00e9couvrir.<\/p>\n<p>Pr\u00e9sent\u00e9 dans une \u00e9l\u00e9gante couverture rigide et \u00e9dit\u00e9 en \u00e9dition limit\u00e9e \u00e0 seulement 5 000 pi\u00e8ces, ce livre n&#039;est pas seulement un hommage aux belles voitures qu&#039;il contient, mais aussi un objet de collection unique et pr\u00e9cieux que tout amateur de voitures devrait avoir dans sa collection. Alors commandez votre exemplaire maintenant <em>La collection Palmen Barnfind de la galerie Aaldering \u2013 mise aux ench\u00e8res par Classic Car Auctions<\/em> et profitez du voyage unique \u00e0 travers l&#039;histoire de ces voitures \u00e0 couper le souffle.<\/p>\n<p><em>Exp\u00e9dition dans les 7 jours ouvrables suivant l&#039;achat<\/em><\/p>\n\t<\/div>\n<\/div>\n\n\n\n\n\t\t\t<\/div> \n\t\t<\/div>\n\t<\/div> \n<\/div><\/div>\n\t\t<div id=\"fws_69d77f4a1f9c0\"  data-column-margin=\"default\" data-midnight=\"dark\" data-top-percent=\"3%\" data-bottom-percent=\"3%\"  class=\"wpb_row vc_row-fluid vc_row full-width-section  bottom_padding_tablet_30pct\"  style=\"padding-top: calc(100vw * 0.03); padding-bottom: calc(100vw * 0.03); \"><div class=\"row-bg-wrap\" data-bg-animation=\"none\" data-bg-animation-delay=\"\" data-bg-overlay=\"false\"><div class=\"inner-wrap row-bg-layer\" ><div class=\"row-bg viewport-desktop\"  style=\"\"><\/div><\/div><\/div><div class=\"row_col_wrap_12 col span_12 dark left\">\n\t<div  class=\"vc_col-sm-12 wpb_column column_container vc_column_container col no-extra-padding inherit_tablet inherit_phone\"  data-padding-pos=\"all\" data-has-bg-color=\"false\" data-bg-color=\"\" data-bg-opacity=\"1\" data-animation=\"\" data-delay=\"0\" >\n\t\t<div class=\"vc_column-inner\" >\n\t\t\t<div class=\"wpb_wrapper\">\n\t\t\t\t<div id=\"fws_69d77f4a1fbee\" data-midnight=\"\" data-column-margin=\"90px\" class=\"wpb_row vc_row-fluid vc_row inner_row vc_row-o-equal-height vc_row-flex\"  style=\"\"><div class=\"row-bg-wrap\"> <div class=\"row-bg\" ><\/div> <\/div><div class=\"row_col_wrap_12_inner col span_12  left\">\n\t<div  class=\"vc_col-sm-4 wpb_column column_container vc_column_container col child_column centered-text has-animation no-extra-padding el_spacing_0px top_margin_tablet_50px top_margin_phone_30px bottom_margin_tablet_50px bottom_margin_phone_30px inherit_tablet inherit_phone\"   data-padding-pos=\"all\" data-has-bg-color=\"false\" data-bg-color=\"\" data-bg-opacity=\"1\" data-animation=\"fade-in-from-bottom\" data-delay=\"100\" >\n\t\t<div class=\"vc_column-inner\" >\n\t\t<div class=\"wpb_wrapper\">\n\t\t\t\n<div class=\"wpb_text_column wpb_content_element\" style=\" max-width: 350px; display: inline-block;\">\n\t<div class=\"wpb_wrapper\">\n\t\t<h4>Visitez les jours de visionnage<\/h4>\n\t<\/div>\n<\/div>\n\n\n\n<div class=\"divider-wrap\" data-alignment=\"default\"><div style=\"height: 15px;\" class=\"divider\"><\/div><\/div>\n<div class=\"wpb_text_column wpb_content_element\" style=\" max-width: 350px; display: inline-block;\">\n\t<div class=\"wpb_wrapper\">\n\t\t<p>En raison de la forte participation attendue, vous pouvez r\u00e9server une journ\u00e9e de visionnage de\u00a0<em>La collection Palmen Barnfind par la galerie Aaldering<\/em>\u00a0visite uniquement si vous achetez un billet d&#039;entr\u00e9e. L&#039;inscription \u00e0 une journ\u00e9e de visionnage est obligatoire. Vous recevrez \u00e9galement un catalogue de vente aux ench\u00e8res avec le billet d&#039;entr\u00e9e.<\/p>\n\t<\/div>\n<\/div>\n\n\n\n<div class=\"nectar-cta  alignment_tablet_default alignment_phone_default display_tablet_inherit display_phone_inherit\" data-color=\"default\" data-using-bg=\"false\" data-display=\"block\" data-style=\"underline\" data-alignment=\"center\" data-text-color=\"custom\" style=\"margin-top: 15px; \"><span style=\"color: #000000;\" class=\"nectar-button-type\"> <span class=\"link_wrap\" ><a target=\"_blank\" class=\"link_text\" style=\"border-color: #000000;\" role=\"button\" href=\"https:\/\/eventix.shop\/xmxuc9fs\">Cliquez ici pour acheter un billet d&#039;entr\u00e9e<\/a><\/span><\/span><\/div>\n\t\t<\/div> \n\t<\/div>\n\t<\/div> \n\n\t<div  class=\"vc_col-sm-4 wpb_column column_container vc_column_container col child_column centered-text has-animation no-extra-padding el_spacing_0px inherit_tablet inherit_phone\"   data-padding-pos=\"all\" data-has-bg-color=\"false\" data-bg-color=\"\" data-bg-opacity=\"1\" data-animation=\"fade-in-from-bottom\" data-delay=\"0\" >\n\t\t<div class=\"vc_column-inner\" >\n\t\t<div class=\"wpb_wrapper\">\n\t\t\t\n<div class=\"wpb_text_column wpb_content_element\" style=\" max-width: 350px; display: inline-block;\">\n\t<div class=\"wpb_wrapper\">\n\t\t<h4>cr\u00e9er un compte<\/h4>\n\t<\/div>\n<\/div>\n\n\n\n<div class=\"divider-wrap\" data-alignment=\"default\"><div style=\"height: 15px;\" class=\"divider\"><\/div><\/div>\n<div class=\"wpb_text_column wpb_content_element\" style=\" max-width: 350px; display: inline-block;\">\n\t<div class=\"wpb_wrapper\">\n\t\t<p>Vous souhaitez ench\u00e9rir sur des lots d&#039;une des ench\u00e8res en cours ou \u00e0 venir ? Cr\u00e9ez un compte rapidement et facilement d\u00e8s maintenant ! L&#039;inscription est gratuite.<\/p>\n\t<\/div>\n<\/div>\n\n\n\n<div class=\"nectar-cta  alignment_tablet_default alignment_phone_default display_tablet_inherit display_phone_inherit\" data-color=\"default\" data-using-bg=\"false\" data-display=\"block\" data-style=\"underline\" data-alignment=\"center\" data-text-color=\"custom\" style=\"margin-top: 15px; \"><span style=\"color: #000000;\" class=\"nectar-button-type\"> <span class=\"link_wrap\" ><a target=\"_blank\" class=\"link_text\" style=\"border-color: #000000;\" role=\"button\" href=\"https:\/\/classiccar-auctions.com\/nl\/register\">Inscrivez-vous ici<\/a><\/span><\/span><\/div>\n\t\t<\/div> \n\t<\/div>\n\t<\/div> \n\n\t<div  class=\"vc_col-sm-4 wpb_column column_container vc_column_container col child_column centered-text has-animation no-extra-padding el_spacing_0px top_margin_tablet_20px inherit_tablet inherit_phone\"   data-padding-pos=\"all\" data-has-bg-color=\"false\" data-bg-color=\"\" data-bg-opacity=\"1\" data-animation=\"fade-in-from-bottom\" data-delay=\"200\" >\n\t\t<div class=\"vc_column-inner\" >\n\t\t<div class=\"wpb_wrapper\">\n\t\t\t\n<div class=\"wpb_text_column wpb_content_element\" style=\" max-width: 350px; display: inline-block;\">\n\t<div class=\"wpb_wrapper\">\n\t\t<h4>Vente aux ench\u00e8res de votre voiture<\/h4>\n\t<\/div>\n<\/div>\n\n\n\n<div class=\"divider-wrap\" data-alignment=\"default\"><div style=\"height: 15px;\" class=\"divider\"><\/div><\/div>\n<div class=\"wpb_text_column wpb_content_element\" style=\" max-width: 350px; display: inline-block;\">\n\t<div class=\"wpb_wrapper\">\n\t\t<p>Chez CCA, vous pouvez faire vendre aux ench\u00e8res votre voiture classique, sportive, Youngtimer ou sp\u00e9ciale de mani\u00e8re fiable et efficace. Depuis 2011 nous organisons un grand nombre de ventes aux ench\u00e8res par an avec une \u00e9quipe d&#039;employ\u00e9s d\u00e9vou\u00e9s et passionn\u00e9s.<\/p>\n\t<\/div>\n<\/div>\n\n\n\n<div class=\"nectar-cta  alignment_tablet_default alignment_phone_default display_tablet_inherit display_phone_inherit\" data-color=\"default\" data-using-bg=\"false\" data-display=\"block\" data-style=\"underline\" data-alignment=\"center\" data-text-color=\"custom\" style=\"margin-top: 15px; \"><span style=\"color: #000000;\" class=\"nectar-button-type\"> <span class=\"link_wrap\" ><a target=\"_blank\" class=\"link_text\" style=\"border-color: #000000;\" role=\"button\" href=\"https:\/\/classiccar-auctions.com\/nl\/auctionyourcar\">Cliquez ici pour plus d&#039;informations<\/a><\/span><\/span><\/div>\n\t\t<\/div> \n\t<\/div>\n\t<\/div> \n<\/div><\/div>\n\t\t\t<\/div> \n\t\t<\/div>\n\t<\/div> \n<\/div><\/div>\n\t\t<div id=\"fws_69d77f4a20819\"  data-column-margin=\"default\" data-midnight=\"dark\"  class=\"wpb_row vc_row-fluid vc_row full-width-content vc_row-o-equal-height vc_row-flex vc_row-o-content-top\"  style=\"padding-top: 0px; padding-bottom: 0px; \"><div class=\"row-bg-wrap\" data-bg-animation=\"none\" data-bg-animation-delay=\"\" data-bg-overlay=\"false\"><div class=\"inner-wrap row-bg-layer\" ><div class=\"row-bg viewport-desktop\"  style=\"\"><\/div><\/div><\/div><div class=\"row_col_wrap_12 col span_12 dark left\">\n\t<div  class=\"vc_col-sm-12 wpb_column column_container vc_column_container col no-extra-padding inherit_tablet inherit_phone\"  data-padding-pos=\"all\" data-has-bg-color=\"false\" data-bg-color=\"\" data-bg-opacity=\"1\" data-animation=\"\" data-delay=\"0\" >\n\t\t<div class=\"vc_column-inner\" >\n\t\t\t<div class=\"wpb_wrapper\">\n\t\t\t\t\n\t<div class=\"wpb_gallery wpb_content_element clearfix\">\n\t\t<div class=\"wpb_wrapper\"><div class=\"wpb_gallery_slidesflickity_style\" data-onclick=\"link_image\" data-interval=\"5\"><div class=\"nectar-flickity not-initialized\"  data-touch-icon-color=\"default\" data-stagger=\"\" data-drag-scale=\"\" data-overflow=\"hidden\" data-wrap=\"wrap\" data-spacing=\"default\" data-shadow=\"small_depth\" data-autoplay=\"\" data-autoplay-dur=\"\" data-free-scroll=\"\" data-controls=\"pagination\" data-desktop-columns=\"1\" data-small-desktop-columns=\"1\" data-tablet-columns=\"1\" data-phone-columns=\"1\"><div class=\"flickity-viewport\"> <div class=\"flickity-slider\"><div class=\"cell\" data-lazy=\"false\"><img loading=\"lazy\" decoding=\"async\" width=\"2000\" height=\"1500\" src=\"https:\/\/archive.classiccar-auctions.com\/wp-content\/uploads\/2023\/05\/boek-foto3.jpg\" class=\"skip-lazy nectar-lazy attachment-full\" alt=\"\" title=\"livre photo3\" srcset=\"https:\/\/archive.classiccar-auctions.com\/wp-content\/uploads\/2023\/05\/boek-foto3.jpg 2000w, https:\/\/archive.classiccar-auctions.com\/wp-content\/uploads\/2023\/05\/boek-foto3-600x450.jpg 600w\" sizes=\"auto, (max-width: 2000px) 100vw, 2000px\" \/><a class=\"entire-slide-link\"  href=\"https:\/\/archive.classiccar-auctions.com\/wp-content\/uploads\/2023\/05\/boek-foto3.jpg\"><\/a><\/div><div class=\"cell\" data-lazy=\"false\"><img loading=\"lazy\" decoding=\"async\" width=\"2000\" height=\"1500\" src=\"https:\/\/archive.classiccar-auctions.com\/wp-content\/uploads\/2023\/05\/boek-foto2.jpg\" class=\"skip-lazy nectar-lazy attachment-full\" alt=\"\" title=\"livre photo2\" srcset=\"https:\/\/archive.classiccar-auctions.com\/wp-content\/uploads\/2023\/05\/boek-foto2.jpg 2000w, https:\/\/archive.classiccar-auctions.com\/wp-content\/uploads\/2023\/05\/boek-foto2-600x450.jpg 600w\" sizes=\"auto, (max-width: 2000px) 100vw, 2000px\" \/><a class=\"entire-slide-link\"  href=\"https:\/\/archive.classiccar-auctions.com\/wp-content\/uploads\/2023\/05\/boek-foto2.jpg\"><\/a><\/div><div class=\"cell\" data-lazy=\"false\"><img loading=\"lazy\" decoding=\"async\" width=\"2000\" height=\"1500\" src=\"https:\/\/archive.classiccar-auctions.com\/wp-content\/uploads\/2023\/05\/boek-foto1-1.jpg\" class=\"skip-lazy nectar-lazy attachment-full\" alt=\"\" title=\"livre photo1\" srcset=\"https:\/\/archive.classiccar-auctions.com\/wp-content\/uploads\/2023\/05\/boek-foto1-1.jpg 2000w, https:\/\/archive.classiccar-auctions.com\/wp-content\/uploads\/2023\/05\/boek-foto1-1-600x450.jpg 600w\" sizes=\"auto, (max-width: 2000px) 100vw, 2000px\" \/><a class=\"entire-slide-link\"  href=\"https:\/\/archive.classiccar-auctions.com\/wp-content\/uploads\/2023\/05\/boek-foto1-1.jpg\"><\/a><\/div><\/div><\/div><\/div><\/div>\n\t\t<\/div> \n\t<\/div> \n\t\t\t<\/div> \n\t\t<\/div>\n\t<\/div> \n<\/div><\/div>","protected":false},"excerpt":{"rendered":"<h4>Par Galerie Aaldering<br \/>\nVendu aux ench\u00e8res par Classic Car Auctions<\/h4>","protected":false},"featured_media":460662,"comment_status":"open","ping_status":"closed","template":"","meta":[],"product_brand":[],"product_cat":[670],"product_tag":[],"class_list":{"0":"post-460654","1":"product","2":"type-product","3":"status-publish","4":"has-post-thumbnail","6":"product_cat-catalog","8":"first","9":"instock","10":"taxable","11":"shipping-taxable","12":"purchasable","13":"product-type-simple"},"_links":{"self":[{"href":"https:\/\/archive.classiccar-auctions.com\/fr\/wp-json\/wp\/v2\/product\/460654","targetHints":{"allow":["GET"]}}],"collection":[{"href":"https:\/\/archive.classiccar-auctions.com\/fr\/wp-json\/wp\/v2\/product"}],"about":[{"href":"https:\/\/archive.classiccar-auctions.com\/fr\/wp-json\/wp\/v2\/types\/product"}],"replies":[{"embeddable":true,"href":"https:\/\/archive.classiccar-auctions.com\/fr\/wp-json\/wp\/v2\/comments?post=460654"}],"wp:featuredmedia":[{"embeddable":true,"href":"https:\/\/archive.classiccar-auctions.com\/fr\/wp-json\/wp\/v2\/media\/460662"}],"wp:attachment":[{"href":"https:\/\/archive.classiccar-auctions.com\/fr\/wp-json\/wp\/v2\/media?parent=460654"}],"wp:term":[{"taxonomy":"product_brand","embeddable":true,"href":"https:\/\/archive.classiccar-auctions.com\/fr\/wp-json\/wp\/v2\/product_brand?post=460654"},{"taxonomy":"product_cat","embeddable":true,"href":"https:\/\/archive.classiccar-auctions.com\/fr\/wp-json\/wp\/v2\/product_cat?post=460654"},{"taxonomy":"product_tag","embeddable":true,"href":"https:\/\/archive.classiccar-auctions.com\/fr\/wp-json\/wp\/v2\/product_tag?post=460654"}],"curies":[{"name":"wp","href":"https:\/\/api.w.org\/{rel}","templated":true}]}}