{"id":83531,"date":"2018-07-03T17:00:14","date_gmt":"2018-07-03T15:00:14","guid":{"rendered":"https:\/\/www.classiccar-auctions.com\/?page_id=83531"},"modified":"2018-07-18T14:07:34","modified_gmt":"2018-07-18T12:07:34","slug":"auction-34775","status":"publish","type":"page","link":"https:\/\/archive.classiccar-auctions.com\/fr\/auction-34775\/","title":{"rendered":"Ench\u00e8re 34775"},"content":{"rendered":"<div id=\"fws_69e1cce56442f\"  data-column-margin=\"default\" data-midnight=\"light\" data-top-percent=\"12%\" data-bottom-percent=\"12%\"  class=\"wpb_row vc_row-fluid vc_row full-width-section\"  style=\"padding-top: calc(100vw * 0.12); padding-bottom: calc(100vw * 0.12); \"><div class=\"row-bg-wrap\" data-bg-animation=\"none\" data-bg-animation-delay=\"\" data-bg-overlay=\"true\"><div class=\"inner-wrap row-bg-layer using-image\" ><div class=\"row-bg viewport-desktop using-image\"  style=\"background-position: left top; background-repeat: no-repeat; \"><\/div><\/div><div class=\"row-bg-overlay row-bg-layer\" style=\"background: #333333; background: linear-gradient(to bottom,#333333 0%,#6b6b6b 100%);  opacity: 0.5; \"><\/div><\/div><div class=\"row_col_wrap_12 col span_12 light left\">\n\t<div  class=\"vc_col-sm-2 wpb_column column_container vc_column_container col no-extra-padding\"  data-padding-pos=\"all\" data-has-bg-color=\"false\" data-bg-color=\"\" data-bg-opacity=\"1\" data-animation=\"\" data-delay=\"0\" >\n\t\t<div class=\"vc_column-inner\" >\n\t\t\t<div class=\"wpb_wrapper\">\n\t\t\t\t\n\t\t\t<\/div> \n\t\t<\/div>\n\t<\/div> \n\n\t<div  class=\"vc_col-sm-8 wpb_column column_container vc_column_container col centered-text padding-1-percent\"  data-padding-pos=\"all\" data-has-bg-color=\"false\" data-bg-color=\"\" data-bg-opacity=\"1\" data-animation=\"\" data-delay=\"0\" >\n\t\t<div class=\"vc_column-inner\" >\n\t\t\t<div class=\"wpb_wrapper\">\n\t\t\t\t<div class=\"nectar-split-heading\" data-align=\"default\" data-m-align=\"inherit\" data-text-effect=\"default\" data-animation-type=\"default\" data-animation-delay=\"0\" data-animation-offset=\"\" data-m-rm-animation=\"\" data-stagger=\"\" data-custom-font-size=\"false\" ><div class=\"heading-line\" > <div><h2 style=\"text-align: center\">Youngtimer &amp; Sp\u00e9ciaux<\/h2> <\/div> <\/div><div class=\"heading-line\" > <div><h2 style=\"text-align: center\">\u00e0 Uithoorn<\/h2> <\/div> <\/div><\/div>\n\t\t\t<\/div> \n\t\t<\/div>\n\t<\/div> \n\n\t<div  class=\"vc_col-sm-2 wpb_column column_container vc_column_container col no-extra-padding\"  data-padding-pos=\"all\" data-has-bg-color=\"false\" data-bg-color=\"\" data-bg-opacity=\"1\" data-animation=\"\" data-delay=\"0\" >\n\t\t<div class=\"vc_column-inner\" >\n\t\t\t<div class=\"wpb_wrapper\">\n\t\t\t\t\n\t\t\t<\/div> \n\t\t<\/div>\n\t<\/div> \n<\/div><\/div>\n\t\t<div id=\"fws_69e1cce5650aa\"  data-column-margin=\"default\" data-midnight=\"dark\" data-top-percent=\"3%\"  class=\"wpb_row vc_row-fluid vc_row\"  style=\"padding-top: calc(100vw * 0.03); padding-bottom: 0px; \"><div class=\"row-bg-wrap\" data-bg-animation=\"none\" data-bg-animation-delay=\"\" data-bg-overlay=\"false\"><div class=\"inner-wrap row-bg-layer\" ><div class=\"row-bg viewport-desktop\"  style=\"\"><\/div><\/div><\/div><div class=\"row_col_wrap_12 col span_12 dark left\">\n\t<div  class=\"vc_col-sm-6 wpb_column column_container vc_column_container col no-extra-padding\"  data-padding-pos=\"all\" data-has-bg-color=\"false\" data-bg-color=\"\" data-bg-opacity=\"1\" data-animation=\"\" data-delay=\"0\" >\n\t\t<div class=\"vc_column-inner\" >\n\t\t\t<div class=\"wpb_wrapper\">\n\t\t\t\t\n<div class=\"wpb_text_column wpb_content_element\" >\n\t<div class=\"wpb_wrapper\">\n\t\t<p><strong>Lancer l&#039;ench\u00e8re\u00a0:<\/strong> jeudi 19 juillet 2018 \u00e0 17:00<br \/>\n<strong>Fermeture:<\/strong>\u00a0Mardi 7 ao\u00fbt 2018 \u00e0 partir de 20h30<\/p>\n<p><strong>Jours de visionnage \/ Jours de visionnage \/ Besichtigungstage\u00a0:<\/strong><br \/>\nSamedi 21 juillet 2018 de 10h00 \u00e0 16h00<br \/>\nVendredi 3 ao\u00fbt 2018 de 10:00 \u00e0 16:00<br \/>\nMardi 7 ao\u00fbt 2018 de 10h00 \u00e0 16h00<\/p>\n<p><strong>Lieu:<\/strong><br \/>\nAntoine Fokkerweg 7<br \/>\n1422 AE Uithoorn<br \/>\nles Pays-Bas<\/p>\n<div data-shadow=\"none\" data-border-radius=\"none\" data-border-animation=\"\" data-border-animation-delay=\"\" data-border-width=\"none\" data-border-style=\"solid\" data-border-color=\"\" data-bg-cover=\"\" data-padding-pos=\"all\" data-has-bg-color=\"false\" data-bg-color=\"\" data-bg-opacity=\"1\" data-hover-bg=\"\" data-hover-bg-opacity=\"1\" data-animation=\"\" data-delay=\"0\">\n<div>\n<div>\n<div>\n<div>\n<p>Vous pouvez ench\u00e9rir sur une voiture en cliquant sur le bouton &quot;Ench\u00e9rir&quot;, apr\u00e8s quoi vous serez redirig\u00e9 vers la section des ench\u00e8res du site Web de BVA Auctions.<\/p>\n<\/div>\n<\/div>\n<\/div>\n<\/div>\n<\/div>\n\t<\/div>\n<\/div>\n\n\n\n\n\t\t\t<\/div> \n\t\t<\/div>\n\t<\/div> \n\n\t<div  class=\"vc_col-sm-6 wpb_column column_container vc_column_container col no-extra-padding\"  data-padding-pos=\"all\" data-has-bg-color=\"false\" data-bg-color=\"\" data-bg-opacity=\"1\" data-animation=\"\" data-delay=\"0\" >\n\t\t<div class=\"vc_column-inner\" >\n\t\t\t<div class=\"wpb_wrapper\">\n\t\t\t\t\n<div class=\"wpb_text_column wpb_content_element\" >\n\t<div class=\"wpb_wrapper\">\n\t\t<p><strong>Jour de collecte :<\/strong><br \/>\nlundi 20 ao\u00fbt 2018 de 10:00 \u00e0 16:00<br \/>\nAntoine Fokkerweg 7<br \/>\n1422 AE Uithoorn<br \/>\nles Pays-Bas<\/p>\n<div id=\"fws_5ae98e143596d\" data-midnight=\"dark\" data-bg-mobile-hidden=\"\">\n<div>\n<div data-using-bg=\"true\" data-border-radius=\"none\" data-shadow=\"none\" data-border-animation=\"\" data-border-animation-delay=\"\" data-border-width=\"none\" data-border-style=\"solid\" data-border-color=\"\" data-bg-cover=\"\" data-padding-pos=\"all\" data-has-bg-color=\"true\" data-bg-color=\"#ffffff\" data-bg-opacity=\"1\" data-hover-bg=\"\" data-hover-bg-opacity=\"1\" data-animation=\"\" data-delay=\"0\">\n<div>\n<div>\n<div id=\"fws_5ae98e1436414\" data-midnight=\"\" data-column-margin=\"default\" data-bg-mobile-hidden=\"\">\n<div>\n<div data-shadow=\"none\" data-border-radius=\"none\" data-border-animation=\"\" data-border-animation-delay=\"\" data-border-width=\"none\" data-border-style=\"solid\" data-border-color=\"\" data-bg-cover=\"\" data-padding-pos=\"all\" data-has-bg-color=\"false\" data-bg-color=\"\" data-bg-opacity=\"1\" data-hover-bg=\"\" data-hover-bg-opacity=\"1\" data-animation=\"\" data-delay=\"0\">\n<div>\n<div>\n<div>\n<div>\n<p>\u00c9tant donn\u00e9 que les voitures de la vente aux ench\u00e8res sont vendues sans garantie, nous vous conseillons d&#039;inspecter personnellement les voitures les jours de visite. Il est \u00e9galement possible de le faire r\u00e9aliser par un expert. Si vous le souhaitez, un rendez-vous sp\u00e9cial peut \u00eatre pris \u00e0 cet effet.<\/p>\n<p>Il est toujours possible d&#039;inscrire des voitures pour la prochaine vente aux ench\u00e8res. Pour conna\u00eetre les conditions, contactez-nous<a href=\"https:\/\/archive.classiccar-auctions.com\/fr\/contact\/\"> via notre formulaire de contact.<\/a><\/p>\n<\/div>\n<\/div>\n<\/div>\n<\/div>\n<\/div>\n<\/div>\n<\/div>\n<\/div>\n<\/div>\n<\/div>\n<\/div>\n<\/div>\n\t<\/div>\n<\/div>\n\n\n\n\n\t\t\t<\/div> \n\t\t<\/div>\n\t<\/div> \n<\/div><\/div>\n\t\t<div id=\"fws_69e1cce565913\"  data-column-margin=\"default\" data-midnight=\"dark\"  class=\"wpb_row vc_row-fluid vc_row\"  style=\"padding-top: 0px; padding-bottom: 0px; \"><div class=\"row-bg-wrap\" data-bg-animation=\"none\" data-bg-animation-delay=\"\" data-bg-overlay=\"false\"><div class=\"inner-wrap row-bg-layer\" ><div class=\"row-bg viewport-desktop\"  style=\"\"><\/div><\/div><\/div><div class=\"row_col_wrap_12 col span_12 dark left\">\n\t<div  class=\"vc_col-sm-12 wpb_column column_container vc_column_container col centered-text no-extra-padding\"  data-padding-pos=\"all\" data-has-bg-color=\"false\" data-bg-color=\"\" data-bg-opacity=\"1\" data-animation=\"\" data-delay=\"0\" >\n\t\t<div class=\"vc_column-inner\" >\n\t\t\t<div class=\"wpb_wrapper\">\n\t\t\t\t<div class=\"divider-wrap\" data-alignment=\"default\"><div style=\"margin-top: 12.5px; width: 60px; height: 1px; margin-bottom: 12.5px;\" data-width=\"60px\" data-animate=\"yes\" data-animation-delay=\"\" data-color=\"extra-color-gradient-1\" class=\"divider-small-border\"><\/div><\/div>\n\t\t\t<\/div> \n\t\t<\/div>\n\t<\/div> \n<\/div><\/div>\n\t\t<div id=\"fws_69e1cce565de0\"  data-column-margin=\"default\" data-midnight=\"dark\"  class=\"wpb_row vc_row-fluid vc_row\"  style=\"padding-top: 0px; padding-bottom: 0px; \"><div class=\"row-bg-wrap\" data-bg-animation=\"none\" data-bg-animation-delay=\"\" data-bg-overlay=\"false\"><div class=\"inner-wrap row-bg-layer\" ><div class=\"row-bg viewport-desktop\"  style=\"\"><\/div><\/div><\/div><div class=\"row_col_wrap_12 col span_12 dark left\">\n\t<div  class=\"vc_col-sm-12 wpb_column column_container vc_column_container col centered-text no-extra-padding\"  data-padding-pos=\"all\" data-has-bg-color=\"false\" data-bg-color=\"\" data-bg-opacity=\"1\" data-animation=\"\" data-delay=\"0\" >\n\t\t<div class=\"vc_column-inner\" >\n\t\t\t<div class=\"wpb_wrapper\">\n\t\t\t\t\n<div class=\"row\">\n\n <div class=\"post-area col featured_img_left span_12 col_last\" data-ams=\"\" data-remove-post-date=\"\" data-remove-post-author=\"\" data-remove-post-comment-number=\"\" data-remove-post-nectar-love=\"\"> <div class=\"posts-container\" data-load-animation=\"none\">    \n    <\/div><!--\/posts container-->\n    \n      \n<\/div><!--\/post area-->\n\n  \n\n<\/div>\n\n\n\t\t\t<\/div> \n\t\t<\/div>\n\t<\/div> \n<\/div><\/div>","protected":false},"excerpt":{"rendered":"Youngtimers &amp; Specials in Uithoorn D\u00e9but de la vente aux ench\u00e8res : jeudi 19 juillet 2018 \u00e0 17h00 Cl\u00f4ture : mardi 7 ao\u00fbt 2018 \u00e0 partir de 20h30 Jours de visite \/ Jours de visite \/ Besichtigungstage : Samedi 21 juillet...","protected":false},"author":1,"featured_media":0,"parent":0,"menu_order":0,"comment_status":"closed","ping_status":"closed","template":"","meta":{"footnotes":""},"class_list":["post-83531","page","type-page","status-publish"],"_links":{"self":[{"href":"https:\/\/archive.classiccar-auctions.com\/fr\/wp-json\/wp\/v2\/pages\/83531","targetHints":{"allow":["GET"]}}],"collection":[{"href":"https:\/\/archive.classiccar-auctions.com\/fr\/wp-json\/wp\/v2\/pages"}],"about":[{"href":"https:\/\/archive.classiccar-auctions.com\/fr\/wp-json\/wp\/v2\/types\/page"}],"author":[{"embeddable":true,"href":"https:\/\/archive.classiccar-auctions.com\/fr\/wp-json\/wp\/v2\/users\/1"}],"replies":[{"embeddable":true,"href":"https:\/\/archive.classiccar-auctions.com\/fr\/wp-json\/wp\/v2\/comments?post=83531"}],"version-history":[{"count":0,"href":"https:\/\/archive.classiccar-auctions.com\/fr\/wp-json\/wp\/v2\/pages\/83531\/revisions"}],"wp:attachment":[{"href":"https:\/\/archive.classiccar-auctions.com\/fr\/wp-json\/wp\/v2\/media?parent=83531"}],"curies":[{"name":"wp","href":"https:\/\/api.w.org\/{rel}","templated":true}]}}