{"id":442595,"date":"2021-04-20T20:52:20","date_gmt":"2021-04-20T19:52:20","guid":{"rendered":"https:\/\/www.classiccar-auctions.com\/?page_id=442595"},"modified":"2022-03-22T13:11:44","modified_gmt":"2022-03-22T12:11:44","slug":"auction-63609","status":"publish","type":"page","link":"https:\/\/archive.classiccar-auctions.com\/fr\/auction-63609\/","title":{"rendered":"vente aux ench\u00e8res 63609"},"content":{"rendered":"<div id=\"fws_6a05a49550acf\"  data-column-margin=\"default\" data-midnight=\"light\"  class=\"wpb_row vc_row-fluid vc_row full-width-section\"  style=\"padding-top: 150px; padding-bottom: 150px; \"><div class=\"row-bg-wrap\" data-bg-animation=\"none\" data-bg-animation-delay=\"\" data-bg-overlay=\"true\"><div class=\"inner-wrap row-bg-layer using-image\" ><div class=\"row-bg viewport-desktop using-image\"  style=\"background-image: url(https:\/\/archive.classiccar-auctions.com\/wp-content\/uploads\/2019\/08\/headerseptember-1.jpg); background-position: center center; background-repeat: no-repeat; \"><\/div><\/div><div class=\"row-bg-overlay row-bg-layer\" style=\"background-color:#000000;  opacity: 0.3; \"><\/div><\/div><div class=\"row_col_wrap_12 col span_12 light left\">\n\t<div  class=\"vc_col-sm-2 wpb_column column_container vc_column_container col no-extra-padding inherit_tablet inherit_phone\"  data-padding-pos=\"all\" data-has-bg-color=\"false\" data-bg-color=\"\" data-bg-opacity=\"1\" data-animation=\"\" data-delay=\"0\" >\n\t\t<div class=\"vc_column-inner\" >\n\t\t\t<div class=\"wpb_wrapper\">\n\t\t\t\t\n\t\t\t<\/div> \n\t\t<\/div>\n\t<\/div> \n\n\t<div  class=\"vc_col-sm-8 wpb_column column_container vc_column_container col centered-text padding-1-percent inherit_tablet inherit_phone\"  data-padding-pos=\"all\" data-has-bg-color=\"false\" data-bg-color=\"\" data-bg-opacity=\"1\" data-animation=\"\" data-delay=\"0\" >\n\t\t<div class=\"vc_column-inner\" >\n\t\t\t<div class=\"wpb_wrapper\">\n\t\t\t\t<h2 style=\"text-align: center\" class=\"vc_custom_heading vc_do_custom_heading\" >Voitures classiques et sportives \u00e0 Amsterdam - Pas de r\u00e9serve<\/h2>\n\t\t\t<\/div> \n\t\t<\/div>\n\t<\/div> \n\n\t<div  class=\"vc_col-sm-2 wpb_column column_container vc_column_container col no-extra-padding inherit_tablet inherit_phone\"  data-padding-pos=\"all\" data-has-bg-color=\"false\" data-bg-color=\"\" data-bg-opacity=\"1\" data-animation=\"\" data-delay=\"0\" >\n\t\t<div class=\"vc_column-inner\" >\n\t\t\t<div class=\"wpb_wrapper\">\n\t\t\t\t\n\t\t\t<\/div> \n\t\t<\/div>\n\t<\/div> \n<\/div><\/div>\n\t\t<div id=\"fws_6a05a49551b56\"  data-column-margin=\"default\" data-midnight=\"light\"  class=\"wpb_row vc_row-fluid vc_row full-width-section  top_padding_tablet_20pct bottom_padding_tablet_10pct\"  style=\"padding-top: 50px; padding-bottom: 50px; \"><div class=\"row-bg-wrap\" data-bg-animation=\"none\" data-bg-animation-delay=\"\" data-bg-overlay=\"true\"><div class=\"inner-wrap row-bg-layer\" ><div class=\"row-bg viewport-desktop using-bg-color\"  style=\"background-color: #000000; \"><\/div><\/div><div class=\"row-bg-overlay row-bg-layer\" style=\"background: #960206; background: linear-gradient(90deg,#960206 0%,#c60101 100%);  opacity: 1; \"><\/div><\/div><div class=\"row_col_wrap_12 col span_12 light left\">\n\t<div  class=\"vc_col-sm-12 wpb_column column_container vc_column_container col no-extra-padding inherit_tablet inherit_phone\"  data-padding-pos=\"all\" data-has-bg-color=\"false\" data-bg-color=\"\" data-bg-opacity=\"1\" data-animation=\"\" data-delay=\"0\" >\n\t\t<div class=\"vc_column-inner\" >\n\t\t\t<div class=\"wpb_wrapper\">\n\t\t\t\t<div id=\"fws_6a05a49551e64\" data-midnight=\"\" data-column-margin=\"default\" class=\"wpb_row vc_row-fluid vc_row inner_row vc_row-o-equal-height vc_row-flex vc_row-o-content-middle\"  style=\"\"><div class=\"row-bg-wrap\"> <div class=\"row-bg\" ><\/div> <\/div><div class=\"row_col_wrap_12_inner col span_12  left\">\n\t<div  class=\"vc_col-sm-6 vc_col-md-6 wpb_column column_container vc_column_container col child_column no-extra-padding inherit_tablet inherit_phone\"    data-t-w-inherits=\"small_desktop\" data-padding-pos=\"all\" data-has-bg-color=\"false\" data-bg-color=\"\" data-bg-opacity=\"1\" data-animation=\"\" data-delay=\"0\" >\n\t\t<div class=\"vc_column-inner\" >\n\t\t<div class=\"wpb_wrapper\">\n\t\t\t<div class=\"nectar-split-heading  font_size_tablet_18px font_size_phone_16px font_line_height_1-8\" data-align=\"default\" data-m-align=\"inherit\" data-text-effect=\"none\" data-animation-type=\"line-reveal-by-space\" data-animation-delay=\"0\" data-animation-offset=\"\" data-m-rm-animation=\"\" data-stagger=\"\" data-custom-font-size=\"false\" ><h3 >Lorsque vous avez l&#039;ench\u00e8re la plus \u00e9lev\u00e9e dans l&#039;ench\u00e8re, le lot vous sera vendu, quel que soit le montant de l&#039;ench\u00e8re. Visualisez rapidement la gamme compl\u00e8te en appuyant sur le bouton.<\/h3><\/div>\n\t\t<\/div> \n\t<\/div>\n\t<\/div> \n\n\t<div  class=\"vc_col-sm-6 vc_col-md-6 wpb_column column_container vc_column_container col child_column no-extra-padding inherit_tablet inherit_phone\"    data-t-w-inherits=\"small_desktop\" data-padding-pos=\"all\" data-has-bg-color=\"false\" data-bg-color=\"\" data-bg-opacity=\"1\" data-animation=\"\" data-delay=\"0\" >\n\t\t<div class=\"vc_column-inner\" >\n\t\t<div class=\"wpb_wrapper\">\n\t\t\t<div class=\"nectar-cta  alignment_tablet_default alignment_phone_left display_tablet_inherit display_phone_inherit\" data-color=\"white\" data-using-bg=\"true\" data-style=\"see-through\" data-display=\"block\" data-alignment=\"left\" data-text-color=\"custom\" style=\"margin-top: 20px; margin-bottom: 20px; \"><h6 style=\"color: #000000;\"> <span class=\"text\"> <\/span><span class=\"link_wrap\" style=\"padding-top: 20px; padding-right: 50px; padding-bottom: 20px; padding-left: 50px;\"><a target=\"_blank\" class=\"link_text\" role=\"button\" href=\"https:\/\/www.bva-auctions.com\/nl\/auction\/index\/63609?page=1&#038;f=\">Aux ench\u00e8res<span class=\"arrow\"><\/span><\/a><\/span><\/h6><\/div>\n\t\t<\/div> \n\t<\/div>\n\t<\/div> \n<\/div><\/div>\n\t\t\t<\/div> \n\t\t<\/div>\n\t<\/div> \n<\/div><\/div>\n\t\t<div id=\"fws_6a05a49552b3c\"  data-column-margin=\"default\" data-midnight=\"dark\"  class=\"wpb_row vc_row-fluid vc_row\"  style=\"padding-top: 30px; padding-bottom: 0px; \"><div class=\"row-bg-wrap\" data-bg-animation=\"none\" data-bg-animation-delay=\"\" data-bg-overlay=\"false\"><div class=\"inner-wrap row-bg-layer\" ><div class=\"row-bg viewport-desktop\"  style=\"\"><\/div><\/div><\/div><div class=\"row_col_wrap_12 col span_12 dark left\">\n\t<div  class=\"vc_col-sm-12 wpb_column column_container vc_column_container col centered-text no-extra-padding inherit_tablet inherit_phone\"  data-padding-pos=\"all\" data-has-bg-color=\"false\" data-bg-color=\"\" data-bg-opacity=\"1\" data-animation=\"\" data-delay=\"0\" >\n\t\t<div class=\"vc_column-inner\" >\n\t\t\t<div class=\"wpb_wrapper\">\n\t\t\t\t<div class=\"divider-wrap\" data-alignment=\"default\"><div style=\"margin-top: 15px; width: 60px; height: 1px; margin-bottom: 15px;\" data-width=\"60px\" data-animate=\"yes\" data-animation-delay=\"\" data-color=\"extra-color-gradient-1\" class=\"divider-small-border\"><\/div><\/div>\n\t\t\t<\/div> \n\t\t<\/div>\n\t<\/div> \n<\/div><\/div>\n\t\t<div id=\"fws_6a05a49552dd7\"  data-column-margin=\"default\" data-midnight=\"dark\" data-top-percent=\"3%\" data-bottom-percent=\"3%\"  class=\"wpb_row vc_row-fluid vc_row\"  style=\"padding-top: calc(100vw * 0.03); padding-bottom: calc(100vw * 0.03); \"><div class=\"row-bg-wrap\" data-bg-animation=\"none\" data-bg-animation-delay=\"\" data-bg-overlay=\"false\"><div class=\"inner-wrap row-bg-layer\" ><div class=\"row-bg viewport-desktop\"  style=\"\"><\/div><\/div><\/div><div class=\"row_col_wrap_12 col span_12 dark left\">\n\t<div  class=\"vc_col-sm-6 wpb_column column_container vc_column_container col no-extra-padding inherit_tablet inherit_phone\"  data-padding-pos=\"all\" data-has-bg-color=\"false\" data-bg-color=\"\" data-bg-opacity=\"1\" data-animation=\"\" data-delay=\"0\" >\n\t\t<div class=\"vc_column-inner\" >\n\t\t\t<div class=\"wpb_wrapper\">\n\t\t\t\t\n<div class=\"wpb_text_column wpb_content_element\" >\n\t<div class=\"wpb_wrapper\">\n\t\t<h3><span class=\"inner\">Dates des ench\u00e8res<\/span><\/h3>\n\t<\/div>\n<\/div>\n\n\n\n<div class=\"divider-wrap\" data-alignment=\"default\"><div style=\"height: 10px;\" class=\"divider\"><\/div><\/div>\n<div class=\"wpb_text_column wpb_content_element\" >\n\t<div class=\"wpb_wrapper\">\n\t\t<p style=\"text-align: left;\"><strong>Lancer l&#039;ench\u00e8re\u00a0:<\/strong> Vendredi 18 mars, 17h00<br \/>\n<strong>Fermeture:<\/strong> mardi 29 mars \u00e0 partir de 20h00<\/p>\n<p><strong>Jours de visionnage\u00a0:<br \/>\n<\/strong>vendredi 18 f\u00e9vrier 2022 de 11:00 \u00e0 17:30<br \/>\nsamedi 19 f\u00e9vrier 2022 de 11:00 \u00e0 17:30<br \/>\nMercredi 23 mars 2022 de 11h00 \u00e0 17h30<br \/>\nJeudi 24 mars 2022 de 11h00 \u00e0 17h30<br \/>\nvendredi 25 mars 2022 de 11:00 \u00e0 17:30<br \/>\nSamedi 26 mars 2022 de 11h00 \u00e0 17h30<\/p>\n<p><strong>Lieu:<br \/>\n<\/strong>Rue Muider 21<br \/>\n1011 CP Amsterdam<br \/>\nles Pays-Bas<\/p>\n<p><strong>Jour de collecte :<br \/>\n<\/strong>Jeudi 7 avril de 10h \u00e0 16h<\/p>\n<p>En tant que service suppl\u00e9mentaire, nous vous proposons de livrer la voiture gagn\u00e9e aux Pays-Bas pour 150 \u20ac (hors TVA). Si vous habitez \u00e0 l&#039;\u00e9tranger, nous organiserons le transport en concertation au meilleur tarif possible. <a href=\"https:\/\/archive.classiccar-auctions.com\/fr\/transportprijzen\/\">Plus d&#039;information.<\/a><\/p>\n\t<\/div>\n<\/div>\n\n\n\n\n\t\t\t<\/div> \n\t\t<\/div>\n\t<\/div> \n\n\t<div  class=\"vc_col-sm-6 wpb_column column_container vc_column_container col no-extra-padding inherit_tablet inherit_phone\"  data-padding-pos=\"all\" data-has-bg-color=\"false\" data-bg-color=\"\" data-bg-opacity=\"1\" data-animation=\"\" data-delay=\"0\" >\n\t\t<div class=\"vc_column-inner\" >\n\t\t\t<div class=\"wpb_wrapper\">\n\t\t\t\t\n<div class=\"wpb_text_column wpb_content_element\" >\n\t<div class=\"wpb_wrapper\">\n\t\t<h3><span class=\"inner\">Suppl\u00e9mentaire<\/span>\u00a0<span class=\"inner\">informations<\/span><\/h3>\n\t<\/div>\n<\/div>\n\n\n\n<div class=\"divider-wrap\" data-alignment=\"default\"><div style=\"height: 10px;\" class=\"divider\"><\/div><\/div>\n<div class=\"wpb_text_column wpb_content_element\" >\n\t<div class=\"wpb_wrapper\">\n\t\t<p>Pour le compte de divers vendeurs priv\u00e9s et professionnels, Classic Car Auctions organise cette vente aux ench\u00e8res en ligne en collaboration avec BVA Auctions. Vous pouvez ench\u00e9rir sur une voiture en cliquant sur le bouton &quot;Vers l&#039;ench\u00e8re&quot;, apr\u00e8s quoi vous serez redirig\u00e9 vers la section d&#039;ench\u00e8res du site Web de BVA Auctions.<\/p>\n<p>Il est toujours possible d&#039;inscrire des voitures pour la prochaine vente aux ench\u00e8res. Pour conna\u00eetre les conditions, contactez-nous au\u00a0<a href=\"https:\/\/archive.classiccar-auctions.com\/en\/contact\/\">notre formulaire de contact<\/a>.<\/p>\n<p>\u00c9tant donn\u00e9 que les voitures de la vente aux ench\u00e8res sont vendues sans garantie, nous vous conseillons d&#039;inspecter personnellement les voitures les jours de visite. Il est \u00e9galement possible de le faire r\u00e9aliser par un expert. Si vous le souhaitez, un rendez-vous sp\u00e9cial peut \u00eatre pris \u00e0 cet effet. Veuillez v\u00e9rifier les lois locales sur l&#039;immatriculation des v\u00e9hicules avant d&#039;ench\u00e9rir. Ni le vendeur, ni Classic Car Auctions, ni BVA Auctions ne sont responsables de l&#039;immatriculation du v\u00e9hicule dans votre pays.<\/p>\n<p>La description du lot sur le site Web est bas\u00e9e sur les informations connues de Classic Car Auctions. Classic Car Auctions n&#039;est pas un garage ou une entreprise de r\u00e9paration et ne v\u00e9rifie pas si tout fonctionne correctement.<\/p>\n\t<\/div>\n<\/div>\n\n\n\n\n\t\t\t<\/div> \n\t\t<\/div>\n\t<\/div> \n<\/div><\/div>","protected":false},"excerpt":{"rendered":"Voitures classiques et sportives \u00e0 Amsterdam - Pas de r\u00e9serve Lorsque vous avez l&#039;ench\u00e8re la plus \u00e9lev\u00e9e, le lot vous est garanti, quel que soit le montant de l&#039;ench\u00e8re....","protected":false},"author":1,"featured_media":0,"parent":0,"menu_order":0,"comment_status":"closed","ping_status":"closed","template":"","meta":{"footnotes":""},"class_list":["post-442595","page","type-page","status-publish"],"_links":{"self":[{"href":"https:\/\/archive.classiccar-auctions.com\/fr\/wp-json\/wp\/v2\/pages\/442595","targetHints":{"allow":["GET"]}}],"collection":[{"href":"https:\/\/archive.classiccar-auctions.com\/fr\/wp-json\/wp\/v2\/pages"}],"about":[{"href":"https:\/\/archive.classiccar-auctions.com\/fr\/wp-json\/wp\/v2\/types\/page"}],"author":[{"embeddable":true,"href":"https:\/\/archive.classiccar-auctions.com\/fr\/wp-json\/wp\/v2\/users\/1"}],"replies":[{"embeddable":true,"href":"https:\/\/archive.classiccar-auctions.com\/fr\/wp-json\/wp\/v2\/comments?post=442595"}],"version-history":[{"count":0,"href":"https:\/\/archive.classiccar-auctions.com\/fr\/wp-json\/wp\/v2\/pages\/442595\/revisions"}],"wp:attachment":[{"href":"https:\/\/archive.classiccar-auctions.com\/fr\/wp-json\/wp\/v2\/media?parent=442595"}],"curies":[{"name":"wp","href":"https:\/\/api.w.org\/{rel}","templated":true}]}}