{"id":424134,"date":"2018-09-19T17:39:53","date_gmt":"2018-09-19T15:39:53","guid":{"rendered":"https:\/\/www.classiccar-auctions.com\/?page_id=424134"},"modified":"2021-05-27T15:56:32","modified_gmt":"2021-05-27T13:56:32","slug":"auction-56905","status":"publish","type":"page","link":"https:\/\/archive.classiccar-auctions.com\/fr\/auction-56905\/","title":{"rendered":"Ench\u00e8re 56905"},"content":{"rendered":"<div id=\"fws_69d253aa36a2e\"  data-column-margin=\"default\" data-midnight=\"light\"  class=\"wpb_row vc_row-fluid vc_row full-width-section\"  style=\"padding-top: 150px; padding-bottom: 150px; \"><div class=\"row-bg-wrap\" data-bg-animation=\"none\" data-bg-animation-delay=\"\" data-bg-overlay=\"true\"><div class=\"inner-wrap row-bg-layer using-image\" ><div class=\"row-bg viewport-desktop using-image\"  style=\"background-image: url(https:\/\/archive.classiccar-auctions.com\/wp-content\/uploads\/2021\/05\/56905-1-44.jpg); background-position: center center; background-repeat: no-repeat; \"><\/div><\/div><div class=\"row-bg-overlay row-bg-layer\" style=\"background-color:#000000;  opacity: 0.5; \"><\/div><\/div><div class=\"row_col_wrap_12 col span_12 light left\">\n\t<div  class=\"vc_col-sm-2 wpb_column column_container vc_column_container col no-extra-padding inherit_tablet inherit_phone\"  data-padding-pos=\"all\" data-has-bg-color=\"false\" data-bg-color=\"\" data-bg-opacity=\"1\" data-animation=\"\" data-delay=\"0\" >\n\t\t<div class=\"vc_column-inner\" >\n\t\t\t<div class=\"wpb_wrapper\">\n\t\t\t\t\n\t\t\t<\/div> \n\t\t<\/div>\n\t<\/div> \n\n\t<div  class=\"vc_col-sm-8 wpb_column column_container vc_column_container col centered-text padding-1-percent inherit_tablet inherit_phone\"  data-padding-pos=\"all\" data-has-bg-color=\"false\" data-bg-color=\"\" data-bg-opacity=\"1\" data-animation=\"\" data-delay=\"0\" >\n\t\t<div class=\"vc_column-inner\" >\n\t\t\t<div class=\"wpb_wrapper\">\n\t\t\t\t<div class=\"nectar-split-heading\" data-align=\"default\" data-m-align=\"inherit\" data-text-effect=\"default\" data-animation-type=\"default\" data-animation-delay=\"0\" data-animation-offset=\"\" data-m-rm-animation=\"\" data-stagger=\"\" data-custom-font-size=\"false\" ><div class=\"heading-line\" > <div><h2 style=\"text-align: center\">supercars<\/h2> <\/div> <\/div><div class=\"heading-line\" > <div><h2 style=\"text-align: center\">\u00e0 Uithoorn<\/h2> <\/div> <\/div><\/div>\n\t\t\t<\/div> \n\t\t<\/div>\n\t<\/div> \n\n\t<div  class=\"vc_col-sm-2 wpb_column column_container vc_column_container col no-extra-padding inherit_tablet inherit_phone\"  data-padding-pos=\"all\" data-has-bg-color=\"false\" data-bg-color=\"\" data-bg-opacity=\"1\" data-animation=\"\" data-delay=\"0\" >\n\t\t<div class=\"vc_column-inner\" >\n\t\t\t<div class=\"wpb_wrapper\">\n\t\t\t\t\n\t\t\t<\/div> \n\t\t<\/div>\n\t<\/div> \n<\/div><\/div>\n\t\t<div id=\"fws_69d253aa38a62\"  data-column-margin=\"default\" data-midnight=\"dark\" data-top-percent=\"3%\"  class=\"wpb_row vc_row-fluid vc_row\"  style=\"padding-top: calc(100vw * 0.03); padding-bottom: 0px; \"><div class=\"row-bg-wrap\" data-bg-animation=\"none\" data-bg-animation-delay=\"\" data-bg-overlay=\"false\"><div class=\"inner-wrap row-bg-layer\" ><div class=\"row-bg viewport-desktop\"  style=\"\"><\/div><\/div><\/div><div class=\"row_col_wrap_12 col span_12 dark left\">\n\t<div  class=\"vc_col-sm-6 wpb_column column_container vc_column_container col no-extra-padding inherit_tablet inherit_phone\"  data-padding-pos=\"all\" data-has-bg-color=\"false\" data-bg-color=\"\" data-bg-opacity=\"1\" data-animation=\"\" data-delay=\"0\" >\n\t\t<div class=\"vc_column-inner\" >\n\t\t\t<div class=\"wpb_wrapper\">\n\t\t\t\t\n<div class=\"wpb_text_column wpb_content_element\" >\n\t<div class=\"wpb_wrapper\">\n\t\t<h3><span class=\"inner\">Dates des ench\u00e8res<\/span><\/h3>\n\t<\/div>\n<\/div>\n\n\n\n<div class=\"divider-wrap\" data-alignment=\"default\"><div style=\"height: 10px;\" class=\"divider\"><\/div><\/div>\n<div class=\"wpb_text_column wpb_content_element\" >\n\t<div class=\"wpb_wrapper\">\n\t\t<p><strong>Lancer l&#039;ench\u00e8re\u00a0:<\/strong> mardi 1 juin 2021 \u00e0 17:00<br \/>\n<strong>Fermeture:<\/strong> Mercredi 23 juin 2021 \u00e0 partir de 20h<\/p>\n<p><strong>Jours de visionnage\u00a0:<br \/>\n<\/strong>Vendredi 11 juin de 10h \u00e0 16h<br \/>\nSamedi 19 juin de 10h \u00e0 16h<br \/>\nMardi 22 juin de 10h \u00e0 16h<\/p>\n<p><strong>Lieu:<\/strong><br \/>\nAntoine Fokkerweg 7<br \/>\n1422 AE Uithoorn<br \/>\nles Pays-Bas<\/p>\n<p><strong>Jour de collecte :<br \/>\n<\/strong>vendredi 2 juillet 2021 de 10:00 \u00e0 16:00<br \/>\nAntoine Fokkerweg 7<br \/>\n1422 AE Uithoorn<br \/>\nles Pays-Bas<\/p>\n<p>En tant que service suppl\u00e9mentaire, nous proposons de livrer la voiture gagn\u00e9e aux Pays-Bas pour 150 \u20ac (TVA incluse). Si vous habitez \u00e0 l&#039;\u00e9tranger, nous pouvons organiser le transport en concertation au meilleur tarif possible. <a href=\"https:\/\/archive.classiccar-auctions.com\/fr\/transportprijzen\/\">Plus d&#039;information.<\/a><\/p>\n\t<\/div>\n<\/div>\n\n\n\n\n\t\t\t<\/div> \n\t\t<\/div>\n\t<\/div> \n\n\t<div  class=\"vc_col-sm-6 wpb_column column_container vc_column_container col no-extra-padding inherit_tablet inherit_phone\"  data-padding-pos=\"all\" data-has-bg-color=\"false\" data-bg-color=\"\" data-bg-opacity=\"1\" data-animation=\"\" data-delay=\"0\" >\n\t\t<div class=\"vc_column-inner\" >\n\t\t\t<div class=\"wpb_wrapper\">\n\t\t\t\t\n<div class=\"wpb_text_column wpb_content_element\" >\n\t<div class=\"wpb_wrapper\">\n\t\t<h3><span class=\"inner\">Suppl\u00e9mentaire<\/span>\u00a0<span class=\"inner\">informations<\/span><\/h3>\n\t<\/div>\n<\/div>\n\n\n\n<div class=\"divider-wrap\" data-alignment=\"default\"><div style=\"height: 10px;\" class=\"divider\"><\/div><\/div>\n<div class=\"wpb_text_column wpb_content_element\" >\n\t<div class=\"wpb_wrapper\">\n\t\t<p>Pour le compte de divers vendeurs priv\u00e9s et professionnels, Classic Car Auctions organise cette vente aux ench\u00e8res en ligne en collaboration avec BVA Auctions. Vous pouvez ench\u00e9rir sur une voiture en cliquant sur le bouton &quot;Ench\u00e9rir&quot;, apr\u00e8s quoi vous serez redirig\u00e9 vers la section des ench\u00e8res du site Web de BVA Auctions.<\/p>\n<p>Il est toujours possible d&#039;inscrire des voitures pour la prochaine vente aux ench\u00e8res. Pour conna\u00eetre les conditions, contactez-nous au\u00a0<a href=\"https:\/\/archive.classiccar-auctions.com\/fr\/contact\/\">notre formulaire de contact<\/a>.<\/p>\n<p>\u00c9tant donn\u00e9 que les voitures de la vente aux ench\u00e8res sont vendues sans garantie, nous vous conseillons d&#039;inspecter personnellement les voitures les jours de visite. Il est \u00e9galement possible de le faire r\u00e9aliser par un expert. Si vous le souhaitez, un rendez-vous sp\u00e9cial peut \u00eatre pris \u00e0 cet effet. Veuillez v\u00e9rifier les lois locales sur l&#039;immatriculation des v\u00e9hicules avant d&#039;ench\u00e9rir. Ni le vendeur, ni Classic Car Auctions, ni BVA Auctions ne sont responsables de l&#039;immatriculation du v\u00e9hicule dans votre pays.<\/p>\n<p>La description du lot sur le site Web est bas\u00e9e sur les informations connues de Classic Car Auctions. Classic Car Auctions n&#039;est pas un garage ou une entreprise de r\u00e9paration et ne v\u00e9rifie pas si tout fonctionne correctement.<\/p>\n\t<\/div>\n<\/div>\n\n\n\n\n\t\t\t<\/div> \n\t\t<\/div>\n\t<\/div> \n<\/div><\/div>\n\t\t<div id=\"fws_69d253aa396f7\"  data-column-margin=\"default\" data-midnight=\"dark\"  class=\"wpb_row vc_row-fluid vc_row\"  style=\"padding-top: 0px; padding-bottom: 0px; \"><div class=\"row-bg-wrap\" data-bg-animation=\"none\" data-bg-animation-delay=\"\" data-bg-overlay=\"false\"><div class=\"inner-wrap row-bg-layer\" ><div class=\"row-bg viewport-desktop\"  style=\"\"><\/div><\/div><\/div><div class=\"row_col_wrap_12 col span_12 dark left\">\n\t<div  class=\"vc_col-sm-12 wpb_column column_container vc_column_container col centered-text no-extra-padding inherit_tablet inherit_phone\"  data-padding-pos=\"all\" data-has-bg-color=\"false\" data-bg-color=\"\" data-bg-opacity=\"1\" data-animation=\"\" data-delay=\"0\" >\n\t\t<div class=\"vc_column-inner\" >\n\t\t\t<div class=\"wpb_wrapper\">\n\t\t\t\t<div class=\"divider-wrap\" data-alignment=\"default\"><div style=\"margin-top: 12.5px; width: 60px; height: 1px; margin-bottom: 12.5px;\" data-width=\"60px\" data-animate=\"yes\" data-animation-delay=\"\" data-color=\"extra-color-gradient-1\" class=\"divider-small-border\"><\/div><\/div>\n\t\t\t<\/div> \n\t\t<\/div>\n\t<\/div> \n<\/div><\/div>\n\t\t<div id=\"fws_69d253aa43524\"  data-column-margin=\"default\" data-midnight=\"dark\"  class=\"wpb_row vc_row-fluid vc_row\"  style=\"padding-top: 0px; padding-bottom: 0px; \"><div class=\"row-bg-wrap\" data-bg-animation=\"none\" data-bg-animation-delay=\"\" data-bg-overlay=\"false\"><div class=\"inner-wrap row-bg-layer\" ><div class=\"row-bg viewport-desktop\"  style=\"\"><\/div><\/div><\/div><div class=\"row_col_wrap_12 col span_12 dark left\">\n\t<div  class=\"vc_col-sm-12 wpb_column column_container vc_column_container col centered-text no-extra-padding inherit_tablet inherit_phone\"  data-padding-pos=\"all\" data-has-bg-color=\"false\" data-bg-color=\"\" data-bg-opacity=\"1\" data-animation=\"\" data-delay=\"0\" >\n\t\t<div class=\"vc_column-inner\" >\n\t\t\t<div class=\"wpb_wrapper\">\n\t\t\t\t\n<div class=\"row\">\n\n <div class=\"post-area col featured_img_left span_12 col_last\" data-ams=\"\" data-remove-post-date=\"\" data-remove-post-author=\"\" data-remove-post-comment-number=\"\" data-remove-post-nectar-love=\"\"> <div class=\"posts-container\" data-load-animation=\"none\">     \n     \n<article id=\"post-424131\" class=\"post-424131 post type-post status-publish format-standard has-post-thumbnail category-188\">  \n  <div class=\"inner-wrap animated\">\n    <div class=\"post-content\">\n      <div class=\"article-content-wrap\">\n        <div class=\"post-featured-img-wrap\">\n          <a href=\"https:\/\/archive.classiccar-auctions.com\/fr\/factory-five-gtm-6-0-v8-2008\/\" aria-label=\"Usine Cinq GTM 6.0 V8 SUPERCAR 2008\"><span class=\"post-featured-img\"><img loading=\"lazy\" decoding=\"async\" width=\"1600\" height=\"1066\" src=\"https:\/\/archive.classiccar-auctions.com\/wp-content\/uploads\/2021\/05\/56905-1-1.jpg\" class=\"attachment-wide_photography size-wide_photography skip-lazy wp-post-image\" alt=\"\" title=\"\" sizes=\"auto, (min-width: 690px) 40vw, 100vw\" \/><\/span><\/a>          \n        <\/div>\n        <div class=\"post-content-wrap\">\n          <a class=\"entire-meta-link\" href=\"https:\/\/archive.classiccar-auctions.com\/fr\/factory-five-gtm-6-0-v8-2008\/\"><span class=\"screen-reader-text\">Usine Cinq GTM 6.0 V8 SUPERCAR 2008<\/span><\/a>\n          <span class=\"meta-category\"><a class=\"56905\" href=\"https:\/\/archive.classiccar-auctions.com\/fr\/category\/56905\/\">56905<\/a><\/span>          \n          <div class=\"post-header\">\n            <h3 class=\"title\"><a href=\"https:\/\/archive.classiccar-auctions.com\/fr\/factory-five-gtm-6-0-v8-2008\/\"> Usine Cinq GTM 6.0 V8 SUPERCAR 2008<\/a><\/h3>\n          <\/div>\n          \n          <div class=\"excerpt\">56905-1 | Valeur marchande : 75 000-90 000 \u20ac | lire plus<\/div><div class=\"grav-wrap\"><a href=\"https:\/\/archive.classiccar-auctions.com\/fr\/author\/administrator\/\"><img alt='administrator' src='https:\/\/secure.gravatar.com\/avatar\/fd40c91f6a0f122da0597079a77a374c9299c5d3edf1d2fc2501a0b5111a402b?s=70&#038;d=mm&#038;r=g' srcset='https:\/\/secure.gravatar.com\/avatar\/fd40c91f6a0f122da0597079a77a374c9299c5d3edf1d2fc2501a0b5111a402b?s=140&#038;d=mm&#038;r=g 2x' class='avatar avatar-70 photo' height='70' width='70' \/><\/a><div class=\"text\"><a href=\"https:\/\/archive.classiccar-auctions.com\/fr\/author\/administrator\/\" rel=\"author\">administrateur<\/a><span>29 avril 2021<\/span><\/div><\/div>        <\/div>\n      <\/div>\n    <\/div>\n  <\/div>\n<\/article>     \n     \n<article id=\"post-424139\" class=\"post-424139 post type-post status-publish format-standard has-post-thumbnail category-188\">  \n  <div class=\"inner-wrap animated\">\n    <div class=\"post-content\">\n      <div class=\"article-content-wrap\">\n        <div class=\"post-featured-img-wrap\">\n          <a href=\"https:\/\/archive.classiccar-auctions.com\/fr\/westfield-xtr2-hayabusa-1300cc-2004\/\" aria-label=\"Westfield XTR2 Hayabusa 1300CC SUPERCAR 2004\"><span class=\"post-featured-img\"><img loading=\"lazy\" decoding=\"async\" width=\"1600\" height=\"1066\" src=\"https:\/\/archive.classiccar-auctions.com\/wp-content\/uploads\/2021\/05\/56905-2-1.jpg\" class=\"attachment-wide_photography size-wide_photography skip-lazy wp-post-image\" alt=\"\" title=\"\" sizes=\"auto, (min-width: 690px) 40vw, 100vw\" \/><\/span><\/a>          \n        <\/div>\n        <div class=\"post-content-wrap\">\n          <a class=\"entire-meta-link\" href=\"https:\/\/archive.classiccar-auctions.com\/fr\/westfield-xtr2-hayabusa-1300cc-2004\/\"><span class=\"screen-reader-text\">Westfield XTR2 Hayabusa 1300CC SUPERCAR 2004<\/span><\/a>\n          <span class=\"meta-category\"><a class=\"56905\" href=\"https:\/\/archive.classiccar-auctions.com\/fr\/category\/56905\/\">56905<\/a><\/span>          \n          <div class=\"post-header\">\n            <h3 class=\"title\"><a href=\"https:\/\/archive.classiccar-auctions.com\/fr\/westfield-xtr2-hayabusa-1300cc-2004\/\"> Westfield XTR2 Hayabusa 1300CC SUPERCAR 2004<\/a><\/h3>\n          <\/div>\n          \n          <div class=\"excerpt\">56905-2 | Valeur marchande : 37 000-45 000 \u20ac | lire plus<\/div><div class=\"grav-wrap\"><a href=\"https:\/\/archive.classiccar-auctions.com\/fr\/author\/administrator\/\"><img alt='administrator' src='https:\/\/secure.gravatar.com\/avatar\/fd40c91f6a0f122da0597079a77a374c9299c5d3edf1d2fc2501a0b5111a402b?s=70&#038;d=mm&#038;r=g' srcset='https:\/\/secure.gravatar.com\/avatar\/fd40c91f6a0f122da0597079a77a374c9299c5d3edf1d2fc2501a0b5111a402b?s=140&#038;d=mm&#038;r=g 2x' class='avatar avatar-70 photo' height='70' width='70' \/><\/a><div class=\"text\"><a href=\"https:\/\/archive.classiccar-auctions.com\/fr\/author\/administrator\/\" rel=\"author\">administrateur<\/a><span>29 avril 2021<\/span><\/div><\/div>        <\/div>\n      <\/div>\n    <\/div>\n  <\/div>\n<\/article>    \n    <\/div><!--\/posts container-->\n    \n      \n<\/div><!--\/post area-->\n\n  \n\n<\/div>\n\n\n\t\t\t<\/div> \n\t\t<\/div>\n\t<\/div> \n<\/div><\/div>","protected":false},"excerpt":{"rendered":"Westfield XTR2 Hayabusa 1300CC 2004 Description Westfield XTR2 Hayabusa 1300CC 2004 Valeur marchande : \u20ac 37.000-45.000,- Date de premi\u00e8re admission : 1-9-2004 Date de premi\u00e8re admission NL : 3-12-2009 Carburant : Essence Kilom\u00e9trage : 150 Km. ..","protected":false},"author":1,"featured_media":0,"parent":0,"menu_order":0,"comment_status":"closed","ping_status":"closed","template":"","meta":{"footnotes":""},"class_list":["post-424134","page","type-page","status-publish"],"_links":{"self":[{"href":"https:\/\/archive.classiccar-auctions.com\/fr\/wp-json\/wp\/v2\/pages\/424134","targetHints":{"allow":["GET"]}}],"collection":[{"href":"https:\/\/archive.classiccar-auctions.com\/fr\/wp-json\/wp\/v2\/pages"}],"about":[{"href":"https:\/\/archive.classiccar-auctions.com\/fr\/wp-json\/wp\/v2\/types\/page"}],"author":[{"embeddable":true,"href":"https:\/\/archive.classiccar-auctions.com\/fr\/wp-json\/wp\/v2\/users\/1"}],"replies":[{"embeddable":true,"href":"https:\/\/archive.classiccar-auctions.com\/fr\/wp-json\/wp\/v2\/comments?post=424134"}],"version-history":[{"count":0,"href":"https:\/\/archive.classiccar-auctions.com\/fr\/wp-json\/wp\/v2\/pages\/424134\/revisions"}],"wp:attachment":[{"href":"https:\/\/archive.classiccar-auctions.com\/fr\/wp-json\/wp\/v2\/media?parent=424134"}],"curies":[{"name":"wp","href":"https:\/\/api.w.org\/{rel}","templated":true}]}}