{"id":416253,"date":"2018-09-19T17:39:53","date_gmt":"2018-09-19T15:39:53","guid":{"rendered":"https:\/\/www.classiccar-auctions.com\/?page_id=416253"},"modified":"2021-02-17T14:27:15","modified_gmt":"2021-02-17T12:27:15","slug":"auction-54770","status":"publish","type":"page","link":"https:\/\/archive.classiccar-auctions.com\/fr\/auction-54770\/","title":{"rendered":"Ench\u00e8re 54770"},"content":{"rendered":"<div id=\"fws_69d2864389a5f\"  data-column-margin=\"default\" data-midnight=\"light\"  class=\"wpb_row vc_row-fluid vc_row full-width-section\"  style=\"padding-top: 150px; padding-bottom: 150px; \"><div class=\"row-bg-wrap\" data-bg-animation=\"none\" data-bg-animation-delay=\"\" data-bg-overlay=\"true\"><div class=\"inner-wrap row-bg-layer using-image\" ><div class=\"row-bg viewport-desktop using-image\"  style=\"background-image: url(https:\/\/archive.classiccar-auctions.com\/wp-content\/uploads\/2021\/02\/54770-1-9.jpg); background-position: center center; background-repeat: no-repeat; \"><\/div><\/div><div class=\"row-bg-overlay row-bg-layer\" style=\"background-color:#000000;  opacity: 0.5; \"><\/div><\/div><div class=\"row_col_wrap_12 col span_12 light left\">\n\t<div  class=\"vc_col-sm-2 wpb_column column_container vc_column_container col no-extra-padding inherit_tablet inherit_phone\"  data-padding-pos=\"all\" data-has-bg-color=\"false\" data-bg-color=\"\" data-bg-opacity=\"1\" data-animation=\"\" data-delay=\"0\" >\n\t\t<div class=\"vc_column-inner\" >\n\t\t\t<div class=\"wpb_wrapper\">\n\t\t\t\t\n\t\t\t<\/div> \n\t\t<\/div>\n\t<\/div> \n\n\t<div  class=\"vc_col-sm-8 wpb_column column_container vc_column_container col centered-text padding-1-percent inherit_tablet inherit_phone\"  data-padding-pos=\"all\" data-has-bg-color=\"false\" data-bg-color=\"\" data-bg-opacity=\"1\" data-animation=\"\" data-delay=\"0\" >\n\t\t<div class=\"vc_column-inner\" >\n\t\t\t<div class=\"wpb_wrapper\">\n\t\t\t\t<div class=\"nectar-split-heading\" data-align=\"default\" data-m-align=\"inherit\" data-text-effect=\"default\" data-animation-type=\"default\" data-animation-delay=\"0\" data-animation-offset=\"\" data-m-rm-animation=\"\" data-stagger=\"\" data-custom-font-size=\"false\" ><div class=\"heading-line\" > <div><h2 style=\"text-align: center\">Range Rover Sport (Nouveau) \u00e0 Amsterdam<\/h2> <\/div> <\/div><\/div>\n\t\t\t<\/div> \n\t\t<\/div>\n\t<\/div> \n\n\t<div  class=\"vc_col-sm-2 wpb_column column_container vc_column_container col no-extra-padding inherit_tablet inherit_phone\"  data-padding-pos=\"all\" data-has-bg-color=\"false\" data-bg-color=\"\" data-bg-opacity=\"1\" data-animation=\"\" data-delay=\"0\" >\n\t\t<div class=\"vc_column-inner\" >\n\t\t\t<div class=\"wpb_wrapper\">\n\t\t\t\t\n\t\t\t<\/div> \n\t\t<\/div>\n\t<\/div> \n<\/div><\/div>\n\t\t<div id=\"fws_69d286438a090\"  data-column-margin=\"default\" data-midnight=\"dark\"  class=\"wpb_row vc_row-fluid vc_row full-width-section vc_row-o-equal-height vc_row-flex vc_row-o-content-middle\"  style=\"padding-top: 20px; padding-bottom: 20px; \"><div class=\"row-bg-wrap\" data-bg-animation=\"none\" data-bg-animation-delay=\"\" data-bg-overlay=\"true\"><div class=\"inner-wrap row-bg-layer\" ><div class=\"row-bg viewport-desktop using-bg-color\"  style=\"background-color: #eef0f4; \"><\/div><\/div><div class=\"row-bg-overlay row-bg-layer\" style=\"background: #eef0f4; background: linear-gradient(to bottom,#eef0f4 0%,#e8e9ed 100%);  opacity: 0.5; \"><\/div><\/div><div class=\"row_col_wrap_12 col span_12 dark center\">\n\t<div  class=\"vc_col-sm-12 wpb_column column_container vc_column_container col no-extra-padding force-tablet-text-align-center force-phone-text-align-center inherit_tablet inherit_phone\"  data-padding-pos=\"all\" data-has-bg-color=\"false\" data-bg-color=\"\" data-bg-opacity=\"1\" data-animation=\"\" data-delay=\"0\" >\n\t\t<div class=\"vc_column-inner\" >\n\t\t\t<div class=\"wpb_wrapper\">\n\t\t\t\t\n<div class=\"wpb_text_column wpb_content_element\" >\n\t<div class=\"wpb_wrapper\">\n\t\t<p>Nous avons mis en place des mesures et options suppl\u00e9mentaires pour les ench\u00e8res en cours.<br \/>\nEn savoir plus ?<a href=\"https:\/\/archive.classiccar-auctions.com\/fr\/maatregelen-inzake-covid-19\/\"> Consultez la FAQ COVID-19.<\/a><\/p>\n\t<\/div>\n<\/div>\n\n\n\n\n\t\t\t<\/div> \n\t\t<\/div>\n\t<\/div> \n<\/div><\/div>\n\t\t<div id=\"fws_69d286438a347\"  data-column-margin=\"default\" data-midnight=\"dark\" data-top-percent=\"3%\"  class=\"wpb_row vc_row-fluid vc_row\"  style=\"padding-top: calc(100vw * 0.03); padding-bottom: 0px; \"><div class=\"row-bg-wrap\" data-bg-animation=\"none\" data-bg-animation-delay=\"\" data-bg-overlay=\"false\"><div class=\"inner-wrap row-bg-layer\" ><div class=\"row-bg viewport-desktop\"  style=\"\"><\/div><\/div><\/div><div class=\"row_col_wrap_12 col span_12 dark left\">\n\t<div  class=\"vc_col-sm-6 wpb_column column_container vc_column_container col no-extra-padding inherit_tablet inherit_phone\"  data-padding-pos=\"all\" data-has-bg-color=\"false\" data-bg-color=\"\" data-bg-opacity=\"1\" data-animation=\"\" data-delay=\"0\" >\n\t\t<div class=\"vc_column-inner\" >\n\t\t\t<div class=\"wpb_wrapper\">\n\t\t\t\t\n<div class=\"wpb_text_column wpb_content_element\" >\n\t<div class=\"wpb_wrapper\">\n\t\t<h3><span class=\"inner\">Dates des ench\u00e8res<\/span><\/h3>\n\t<\/div>\n<\/div>\n\n\n\n<div class=\"divider-wrap\" data-alignment=\"default\"><div style=\"height: 10px;\" class=\"divider\"><\/div><\/div>\n<div class=\"wpb_text_column wpb_content_element\" >\n\t<div class=\"wpb_wrapper\">\n\t\t<p><strong>Lancer l&#039;ench\u00e8re\u00a0:<\/strong> mardi 16 f\u00e9vrier 2021 \u00e0 17:00<br \/>\n<strong>Fermeture:<\/strong> Mercredi 10 mars 2021 \u00e0 partir de 20h<\/p>\n<p><strong>Jours de visionnage\u00a0:<br \/>\n<\/strong><span class=\"\">En raison des mesures renforc\u00e9es, vous ne pouvez utiliser le jour de visionnement que si vous avez pris rendez-vous. L&#039;inscription aux journ\u00e9es de visionnage est donc obligatoire. <a href=\"https:\/\/www.supersaas.nl\/schedule\/classiccarauctions\/Aanmelden_kijkdagen_54422\" target=\"_blank\" rel=\"noopener\">Inscrivez-vous via ce lien pour la journ\u00e9e de visionnage et plus d&#039;informations<\/a>.\u00a0<\/span><\/p>\n<p><strong>Lieu:<\/strong><br \/>\nRue Muider 21<br \/>\n1011 CP Amsterdam<br \/>\nles Pays-Bas<\/p>\n<p><strong>Jour de collecte :<br \/>\n<\/strong>Sur rendez-vous<\/p>\n<p>En tant que service suppl\u00e9mentaire, nous vous proposons de livrer la voiture gagn\u00e9e aux Pays-Bas pour 150 \u20ac (TVA incluse). Si vous habitez \u00e0 l&#039;\u00e9tranger, nous organiserons le transport en concertation au meilleur tarif possible. <a href=\"https:\/\/archive.classiccar-auctions.com\/fr\/transportprijzen\/\">Plus d&#039;information.<\/a><\/p>\n\t<\/div>\n<\/div>\n\n\n\n\n\t\t\t<\/div> \n\t\t<\/div>\n\t<\/div> \n\n\t<div  class=\"vc_col-sm-6 wpb_column column_container vc_column_container col no-extra-padding inherit_tablet inherit_phone\"  data-padding-pos=\"all\" data-has-bg-color=\"false\" data-bg-color=\"\" data-bg-opacity=\"1\" data-animation=\"\" data-delay=\"0\" >\n\t\t<div class=\"vc_column-inner\" >\n\t\t\t<div class=\"wpb_wrapper\">\n\t\t\t\t\n<div class=\"wpb_text_column wpb_content_element\" >\n\t<div class=\"wpb_wrapper\">\n\t\t<h3><span class=\"inner\">Suppl\u00e9mentaire<\/span>\u00a0<span class=\"inner\">informations<\/span><\/h3>\n\t<\/div>\n<\/div>\n\n\n\n<div class=\"divider-wrap\" data-alignment=\"default\"><div style=\"height: 10px;\" class=\"divider\"><\/div><\/div>\n<div class=\"wpb_text_column wpb_content_element\" >\n\t<div class=\"wpb_wrapper\">\n\t\t<p>Pour le compte de divers vendeurs priv\u00e9s et professionnels, Classic Car Auctions organise cette vente aux ench\u00e8res en ligne en collaboration avec BVA Auctions. Vous pouvez ench\u00e9rir sur une voiture en cliquant sur le bouton &quot;Ench\u00e9rir&quot;, apr\u00e8s quoi vous serez redirig\u00e9 vers la section des ench\u00e8res du site Web de BVA Auctions.<\/p>\n<p>Il est toujours possible d&#039;inscrire des voitures pour la prochaine vente aux ench\u00e8res. Pour conna\u00eetre les conditions, contactez-nous au\u00a0<a href=\"https:\/\/archive.classiccar-auctions.com\/en\/contact\/\">notre formulaire de contact<\/a>.<\/p>\n<p>\u00c9tant donn\u00e9 que les voitures de la vente aux ench\u00e8res sont vendues sans garantie, nous vous conseillons d&#039;inspecter personnellement les voitures les jours de visite. Il est \u00e9galement possible de le faire r\u00e9aliser par un expert. Si vous le souhaitez, un rendez-vous sp\u00e9cial peut \u00eatre pris \u00e0 cet effet. Veuillez v\u00e9rifier les lois locales sur l&#039;immatriculation des v\u00e9hicules avant d&#039;ench\u00e9rir. Ni le vendeur, ni Classic Car Auctions, ni BVA Auctions ne sont responsables de l&#039;immatriculation du v\u00e9hicule dans votre pays.<\/p>\n<p>La description du lot sur le site Web est bas\u00e9e sur les informations connues de Classic Car Auctions. Classic Car Auctions n&#039;est pas un garage ou une entreprise de r\u00e9paration et ne v\u00e9rifie pas si tout fonctionne correctement.<\/p>\n\t<\/div>\n<\/div>\n\n\n\n\n\t\t\t<\/div> \n\t\t<\/div>\n\t<\/div> \n<\/div><\/div>\n\t\t<div id=\"fws_69d286438acc9\"  data-column-margin=\"default\" data-midnight=\"dark\"  class=\"wpb_row vc_row-fluid vc_row\"  style=\"padding-top: 0px; padding-bottom: 0px; \"><div class=\"row-bg-wrap\" data-bg-animation=\"none\" data-bg-animation-delay=\"\" data-bg-overlay=\"false\"><div class=\"inner-wrap row-bg-layer\" ><div class=\"row-bg viewport-desktop\"  style=\"\"><\/div><\/div><\/div><div class=\"row_col_wrap_12 col span_12 dark left\">\n\t<div  class=\"vc_col-sm-12 wpb_column column_container vc_column_container col centered-text no-extra-padding inherit_tablet inherit_phone\"  data-padding-pos=\"all\" data-has-bg-color=\"false\" data-bg-color=\"\" data-bg-opacity=\"1\" data-animation=\"\" data-delay=\"0\" >\n\t\t<div class=\"vc_column-inner\" >\n\t\t\t<div class=\"wpb_wrapper\">\n\t\t\t\t<div class=\"divider-wrap\" data-alignment=\"default\"><div style=\"margin-top: 12.5px; width: 60px; height: 1px; margin-bottom: 12.5px;\" data-width=\"60px\" data-animate=\"yes\" data-animation-delay=\"\" data-color=\"extra-color-gradient-1\" class=\"divider-small-border\"><\/div><\/div>\n\t\t\t<\/div> \n\t\t<\/div>\n\t<\/div> \n<\/div><\/div>\n\t\t<div id=\"fws_69d286438aff8\"  data-column-margin=\"default\" data-midnight=\"dark\"  class=\"wpb_row vc_row-fluid vc_row\"  style=\"padding-top: 0px; padding-bottom: 0px; \"><div class=\"row-bg-wrap\" data-bg-animation=\"none\" data-bg-animation-delay=\"\" data-bg-overlay=\"false\"><div class=\"inner-wrap row-bg-layer\" ><div class=\"row-bg viewport-desktop\"  style=\"\"><\/div><\/div><\/div><div class=\"row_col_wrap_12 col span_12 dark left\">\n\t<div  class=\"vc_col-sm-12 wpb_column column_container vc_column_container col centered-text no-extra-padding inherit_tablet inherit_phone\"  data-padding-pos=\"all\" data-has-bg-color=\"false\" data-bg-color=\"\" data-bg-opacity=\"1\" data-animation=\"\" data-delay=\"0\" >\n\t\t<div class=\"vc_column-inner\" >\n\t\t\t<div class=\"wpb_wrapper\">\n\t\t\t\t\n<div class=\"row\">\n\n <div class=\"post-area col featured_img_left span_12 col_last\" data-ams=\"\" data-remove-post-date=\"\" data-remove-post-author=\"\" data-remove-post-comment-number=\"\" data-remove-post-nectar-love=\"\"> <div class=\"posts-container\" data-load-animation=\"none\">     \n     \n<article id=\"post-416255\" class=\"post-416255 post type-post status-publish format-standard has-post-thumbnail category-179\">  \n  <div class=\"inner-wrap animated\">\n    <div class=\"post-content\">\n      <div class=\"article-content-wrap\">\n        <div class=\"post-featured-img-wrap\">\n          <a href=\"https:\/\/archive.classiccar-auctions.com\/fr\/land-rover-range-rover-sport-hse-sd4-2017\/\" aria-label=\"Land Rover Range Rover Sport HSE SD4 2018\"><span class=\"post-featured-img\"><img loading=\"lazy\" decoding=\"async\" width=\"1600\" height=\"1200\" src=\"https:\/\/archive.classiccar-auctions.com\/wp-content\/uploads\/2021\/02\/54770-1-1.jpg\" class=\"attachment-wide_photography size-wide_photography skip-lazy wp-post-image\" alt=\"\" title=\"\" sizes=\"auto, (min-width: 690px) 40vw, 100vw\" \/><\/span><\/a>          \n        <\/div>\n        <div class=\"post-content-wrap\">\n          <a class=\"entire-meta-link\" href=\"https:\/\/archive.classiccar-auctions.com\/fr\/land-rover-range-rover-sport-hse-sd4-2017\/\"><span class=\"screen-reader-text\">Land Rover Range Rover Sport HSE SD4 2018<\/span><\/a>\n          <span class=\"meta-category\"><a class=\"54770\" href=\"https:\/\/archive.classiccar-auctions.com\/fr\/category\/54770\/\">54770<\/a><\/span>          \n          <div class=\"post-header\">\n            <h3 class=\"title\"><a href=\"https:\/\/archive.classiccar-auctions.com\/fr\/land-rover-range-rover-sport-hse-sd4-2017\/\"> Land Rover Range Rover Sport HSE SD4 2018<\/a><\/h3>\n          <\/div>\n          \n          <div class=\"excerpt\">54770-1 | lire plus<\/div><div class=\"grav-wrap\"><a href=\"https:\/\/archive.classiccar-auctions.com\/fr\/author\/administrator\/\"><img alt='administrator' src='https:\/\/secure.gravatar.com\/avatar\/fd40c91f6a0f122da0597079a77a374c9299c5d3edf1d2fc2501a0b5111a402b?s=70&#038;d=mm&#038;r=g' srcset='https:\/\/secure.gravatar.com\/avatar\/fd40c91f6a0f122da0597079a77a374c9299c5d3edf1d2fc2501a0b5111a402b?s=140&#038;d=mm&#038;r=g 2x' class='avatar avatar-70 photo' height='70' width='70' \/><\/a><div class=\"text\"><a href=\"https:\/\/archive.classiccar-auctions.com\/fr\/author\/administrator\/\" rel=\"author\">administrateur<\/a><span>10 f\u00e9vrier 2021<\/span><\/div><\/div>        <\/div>\n      <\/div>\n    <\/div>\n  <\/div>\n<\/article>    \n    <\/div><!--\/posts container-->\n    \n      \n<\/div><!--\/post area-->\n\n  \n\n<\/div>\n\n\n\t\t\t<\/div> \n\t\t<\/div>\n\t<\/div> \n<\/div><\/div>","protected":false},"excerpt":{"rendered":"Land Rover Range Rover Sport HSE SD4 2018 Description Land Rover Range Rover Sport HSE SD4 Num\u00e9ro de ch\u00e2ssis : SALWA2FN7HA166021 Carrosserie : SUV Carburant : Diesel Transmission : Automatique Kilom\u00e9trage : 140 Km Couleur : Blanc...","protected":false},"author":1,"featured_media":0,"parent":0,"menu_order":0,"comment_status":"closed","ping_status":"closed","template":"","meta":{"footnotes":""},"class_list":["post-416253","page","type-page","status-publish"],"_links":{"self":[{"href":"https:\/\/archive.classiccar-auctions.com\/fr\/wp-json\/wp\/v2\/pages\/416253","targetHints":{"allow":["GET"]}}],"collection":[{"href":"https:\/\/archive.classiccar-auctions.com\/fr\/wp-json\/wp\/v2\/pages"}],"about":[{"href":"https:\/\/archive.classiccar-auctions.com\/fr\/wp-json\/wp\/v2\/types\/page"}],"author":[{"embeddable":true,"href":"https:\/\/archive.classiccar-auctions.com\/fr\/wp-json\/wp\/v2\/users\/1"}],"replies":[{"embeddable":true,"href":"https:\/\/archive.classiccar-auctions.com\/fr\/wp-json\/wp\/v2\/comments?post=416253"}],"version-history":[{"count":0,"href":"https:\/\/archive.classiccar-auctions.com\/fr\/wp-json\/wp\/v2\/pages\/416253\/revisions"}],"wp:attachment":[{"href":"https:\/\/archive.classiccar-auctions.com\/fr\/wp-json\/wp\/v2\/media?parent=416253"}],"curies":[{"name":"wp","href":"https:\/\/api.w.org\/{rel}","templated":true}]}}