{"id":462021,"date":"2025-05-09T12:33:34","date_gmt":"2025-05-09T11:33:34","guid":{"rendered":"https:\/\/archive.classiccar-auctions.com\/?post_type=product&#038;p=462021"},"modified":"2025-05-09T12:53:36","modified_gmt":"2025-05-09T11:53:36","slug":"auction-catalog-the-joop-stolze-classic-cars-company-closing-auction","status":"publish","type":"product","link":"https:\/\/archive.classiccar-auctions.com\/de\/produkt\/auction-catalog-the-joop-stolze-classic-cars-company-closing-auction\/","title":{"rendered":"Auktionskatalog \u2013 Schlussauktion der Joop Stolze Classic Cars Company"},"content":{"rendered":"<div id=\"fws_69d77f2bd20f4\"  data-column-margin=\"default\" data-midnight=\"dark\"  class=\"wpb_row vc_row-fluid vc_row\"  style=\"padding-top: 0px; padding-bottom: 0px; \"><div class=\"row-bg-wrap\" data-bg-animation=\"none\" data-bg-animation-delay=\"\" data-bg-overlay=\"false\"><div class=\"inner-wrap row-bg-layer\" ><div class=\"row-bg viewport-desktop\"  style=\"\"><\/div><\/div><\/div><div class=\"row_col_wrap_12 col span_12 dark left\">\n\t<div  class=\"vc_col-sm-12 wpb_column column_container vc_column_container col no-extra-padding inherit_tablet inherit_phone\"  data-padding-pos=\"all\" data-has-bg-color=\"false\" data-bg-color=\"\" data-bg-opacity=\"1\" data-animation=\"\" data-delay=\"0\" >\n\t\t<div class=\"vc_column-inner\" >\n\t\t\t<div class=\"wpb_wrapper\">\n\t\t\t\t\n<div class=\"wpb_text_column wpb_content_element\" >\n\t<div class=\"wpb_wrapper\">\n\t\t<p>Entdecken Sie die verborgenen Sch\u00e4tze von <a href=\"https:\/\/www.classiccar-auctions.com\/stolze\/\" target=\"_blank\" rel=\"noopener\"><strong>Schlussauktion der Joop Stolze Classic Cars Company \u2013 Versteigert von Classic Car Auctions<\/strong><\/a>. Eine der beeindruckendsten Sammlungen klassischer Fahrzeuge in Europa wird jetzt in Buchform zum Leben erweckt. Dieses wundersch\u00f6n gestaltete Buch enth\u00e4lt alle 1.100 Lose dieser einzigartigen Online-Auktion. Lesen Sie auch, wie es zu dieser besonderen Kollektion kam. Dieses Buch bietet einen exklusiven Blick hinter die Kulissen einer au\u00dfergew\u00f6hnlichen Auktion.<\/p>\n<p>Mit 240 Seiten voller atemberaubender Fotos und Beschreibungen der Fahrzeuge \u2013 von Oldtimern und Motorr\u00e4dern bis hin zu Mopeds und seltenen Sammlerst\u00fccken \u2013 ist dieses Buch ein absolutes Muss f\u00fcr jeden Liebhaber historischer Mobilit\u00e4t. Von Kultmarken wie Alfa Romeo, Mercedes-Benz und Porsche bis hin zu einzigartigen Fundst\u00fccken aus vergangenen Epochen: Jedes Fahrzeug dieser Sammlung erz\u00e4hlt seine eigene Geschichte.<\/p>\n<p>Pr\u00e4sentiert in einem stilvollen Hardcover und in einer limitierten Auflage von nur 2.000 Exemplaren erschienen, ist dieses Buch nicht nur eine Hommage an die Gr\u00f6\u00dfe und Vielfalt der Sammlung, sondern auch ein wertvolles Sammlerst\u00fcck f\u00fcr das B\u00fccherregal eines jeden Autoliebhabers. Bestellen Sie jetzt Ihr Exemplar der Schlussauktion der Joop Stolze Classic Cars Company \u2013 Versteigert von Classic Car Auctions und erleben Sie eine einzigartige Reise durch die Geschichte von \u00fcber tausend Losen.<\/p>\n<p>Versand innerhalb von 7 Werktagen nach dem Kauf.<\/p>\n\t<\/div>\n<\/div>\n\n\n\n\n\t\t\t<\/div> \n\t\t<\/div>\n\t<\/div> \n<\/div><\/div>\n\t\t<div id=\"fws_69d77f2bd2cb5\"  data-column-margin=\"default\" data-midnight=\"dark\" data-top-percent=\"3%\" data-bottom-percent=\"3%\"  class=\"wpb_row vc_row-fluid vc_row full-width-section  bottom_padding_tablet_30pct\"  style=\"padding-top: calc(100vw * 0.03); padding-bottom: calc(100vw * 0.03); \"><div class=\"row-bg-wrap\" data-bg-animation=\"none\" data-bg-animation-delay=\"\" data-bg-overlay=\"false\"><div class=\"inner-wrap row-bg-layer\" ><div class=\"row-bg viewport-desktop\"  style=\"\"><\/div><\/div><\/div><div class=\"row_col_wrap_12 col span_12 dark left\">\n\t<div  class=\"vc_col-sm-12 wpb_column column_container vc_column_container col no-extra-padding inherit_tablet inherit_phone\"  data-padding-pos=\"all\" data-has-bg-color=\"false\" data-bg-color=\"\" data-bg-opacity=\"1\" data-animation=\"\" data-delay=\"0\" >\n\t\t<div class=\"vc_column-inner\" >\n\t\t\t<div class=\"wpb_wrapper\">\n\t\t\t\t<div id=\"fws_69d77f2bd34d5\" data-midnight=\"\" data-column-margin=\"90px\" class=\"wpb_row vc_row-fluid vc_row inner_row vc_row-o-equal-height vc_row-flex\"  style=\"\"><div class=\"row-bg-wrap\"> <div class=\"row-bg\" ><\/div> <\/div><div class=\"row_col_wrap_12_inner col span_12  left\">\n\t<div  class=\"vc_col-sm-6 wpb_column column_container vc_column_container col child_column centered-text has-animation no-extra-padding el_spacing_0px inherit_tablet inherit_phone\"   data-padding-pos=\"all\" data-has-bg-color=\"false\" data-bg-color=\"\" data-bg-opacity=\"1\" data-animation=\"fade-in-from-bottom\" data-delay=\"0\" >\n\t\t<div class=\"vc_column-inner\" >\n\t\t<div class=\"wpb_wrapper\">\n\t\t\t\n<div class=\"wpb_text_column wpb_content_element\" style=\" max-width: 350px; display: inline-block;\">\n\t<div class=\"wpb_wrapper\">\n\t\t<h4>ein Konto erstellen<\/h4>\n\t<\/div>\n<\/div>\n\n\n\n<div class=\"divider-wrap\" data-alignment=\"default\"><div style=\"height: 15px;\" class=\"divider\"><\/div><\/div>\n<div class=\"wpb_text_column wpb_content_element\" style=\" max-width: 350px; display: inline-block;\">\n\t<div class=\"wpb_wrapper\">\n\t\t<p>M\u00f6chten Sie in einer der aktuellen oder zuk\u00fcnftigen Auktionen auf Lose bieten? Jetzt schnell und einfach ein Konto erstellen! Die Anmeldung ist kostenlos.<\/p>\n\t<\/div>\n<\/div>\n\n\n\n<div class=\"nectar-cta  alignment_tablet_default alignment_phone_default display_tablet_inherit display_phone_inherit\" data-color=\"default\" data-using-bg=\"false\" data-display=\"block\" data-style=\"underline\" data-alignment=\"center\" data-text-color=\"custom\" style=\"margin-top: 15px; \"><span style=\"color: #000000;\" class=\"nectar-button-type\"> <span class=\"link_wrap\" ><a target=\"_blank\" class=\"link_text\" style=\"border-color: #000000;\" role=\"button\" href=\"https:\/\/classiccar-auctions.com\/nl\/register\">Hier registrieren<\/a><\/span><\/span><\/div>\n\t\t<\/div> \n\t<\/div>\n\t<\/div> \n\n\t<div  class=\"vc_col-sm-6 wpb_column column_container vc_column_container col child_column centered-text has-animation no-extra-padding el_spacing_0px top_margin_tablet_20px inherit_tablet inherit_phone\"   data-padding-pos=\"all\" data-has-bg-color=\"false\" data-bg-color=\"\" data-bg-opacity=\"1\" data-animation=\"fade-in-from-bottom\" data-delay=\"200\" >\n\t\t<div class=\"vc_column-inner\" >\n\t\t<div class=\"wpb_wrapper\">\n\t\t\t\n<div class=\"wpb_text_column wpb_content_element\" style=\" max-width: 350px; display: inline-block;\">\n\t<div class=\"wpb_wrapper\">\n\t\t<h4>Versteigern Sie Ihr Auto<\/h4>\n\t<\/div>\n<\/div>\n\n\n\n<div class=\"divider-wrap\" data-alignment=\"default\"><div style=\"height: 15px;\" class=\"divider\"><\/div><\/div>\n<div class=\"wpb_text_column wpb_content_element\" style=\" max-width: 350px; display: inline-block;\">\n\t<div class=\"wpb_wrapper\">\n\t\t<p>Bei CCA k\u00f6nnen Sie Ihren Klassiker, Sportwagen, Youngtimer oder Special zuverl\u00e4ssig und effektiv versteigern lassen. Seit 2011 organisieren wir mit einem Team aus engagierten und leidenschaftlichen Mitarbeitern eine gro\u00dfe Anzahl von Auktionen pro Jahr.<\/p>\n\t<\/div>\n<\/div>\n\n\n\n<div class=\"nectar-cta  alignment_tablet_default alignment_phone_default display_tablet_inherit display_phone_inherit\" data-color=\"default\" data-using-bg=\"false\" data-display=\"block\" data-style=\"underline\" data-alignment=\"center\" data-text-color=\"custom\" style=\"margin-top: 15px; \"><span style=\"color: #000000;\" class=\"nectar-button-type\"> <span class=\"link_wrap\" ><a target=\"_blank\" class=\"link_text\" style=\"border-color: #000000;\" role=\"button\" href=\"https:\/\/classiccar-auctions.com\/nl\/auctionyourcar\">Klicken Sie hier f\u00fcr weitere Informationen<\/a><\/span><\/span><\/div>\n\t\t<\/div> \n\t<\/div>\n\t<\/div> \n<\/div><\/div>\n\t\t\t<\/div> \n\t\t<\/div>\n\t<\/div> \n<\/div><\/div>\n\t\t<div id=\"fws_69d77f2bd4d90\"  data-column-margin=\"default\" data-midnight=\"dark\"  class=\"wpb_row vc_row-fluid vc_row full-width-content vc_row-o-equal-height vc_row-flex vc_row-o-content-top\"  style=\"padding-top: 0px; padding-bottom: 0px; \"><div class=\"row-bg-wrap\" data-bg-animation=\"none\" data-bg-animation-delay=\"\" data-bg-overlay=\"false\"><div class=\"inner-wrap row-bg-layer\" ><div class=\"row-bg viewport-desktop\"  style=\"\"><\/div><\/div><\/div><div class=\"row_col_wrap_12 col span_12 dark left\">\n\t<div  class=\"vc_col-sm-12 wpb_column column_container vc_column_container col no-extra-padding inherit_tablet inherit_phone\"  data-padding-pos=\"all\" data-has-bg-color=\"false\" data-bg-color=\"\" data-bg-opacity=\"1\" data-animation=\"\" data-delay=\"0\" >\n\t\t<div class=\"vc_column-inner\" >\n\t\t\t<div class=\"wpb_wrapper\">\n\t\t\t\t\n\t<div class=\"wpb_gallery wpb_content_element clearfix\">\n\t\t<div class=\"wpb_wrapper\"><div class=\"wpb_gallery_slidesflickity_style\" data-onclick=\"link_image\" data-interval=\"5\"><div class=\"nectar-flickity not-initialized\"  data-touch-icon-color=\"default\" data-stagger=\"\" data-drag-scale=\"\" data-overflow=\"hidden\" data-wrap=\"wrap\" data-spacing=\"default\" data-shadow=\"small_depth\" data-autoplay=\"\" data-autoplay-dur=\"\" data-free-scroll=\"\" data-controls=\"pagination\" data-desktop-columns=\"1\" data-small-desktop-columns=\"1\" data-tablet-columns=\"1\" data-phone-columns=\"1\"><div class=\"flickity-viewport\"> <div class=\"flickity-slider\"><div class=\"cell\" data-lazy=\"false\"><img loading=\"lazy\" decoding=\"async\" width=\"2000\" height=\"1429\" src=\"https:\/\/archive.classiccar-auctions.com\/wp-content\/uploads\/2025\/05\/cover.jpg\" class=\"skip-lazy nectar-lazy attachment-full\" alt=\"\" title=\"Abdeckung\" srcset=\"https:\/\/archive.classiccar-auctions.com\/wp-content\/uploads\/2025\/05\/cover.jpg 2000w, https:\/\/archive.classiccar-auctions.com\/wp-content\/uploads\/2025\/05\/cover-600x429.jpg 600w\" sizes=\"auto, (max-width: 2000px) 100vw, 2000px\" \/><a class=\"entire-slide-link\"  href=\"https:\/\/archive.classiccar-auctions.com\/wp-content\/uploads\/2025\/05\/cover.jpg\"><\/a><\/div><\/div><\/div><\/div><\/div>\n\t\t<\/div> \n\t<\/div> \n\t\t\t<\/div> \n\t\t<\/div>\n\t<\/div> \n<\/div><\/div>","protected":false},"excerpt":{"rendered":"Entdecken Sie die verborgenen Sch\u00e4tze der Schlussauktion der Joop Stolze Classic Cars Company \u2013 Versteigert von Classic Car Auctions. Eine der beeindruckendsten Oldtimer-Sammlungen Europas kommt zu uns...","protected":false},"featured_media":462022,"comment_status":"open","ping_status":"closed","template":"","meta":[],"product_brand":[],"product_cat":[670],"product_tag":[],"class_list":{"0":"post-462021","1":"product","2":"type-product","3":"status-publish","4":"has-post-thumbnail","6":"product_cat-catalog","8":"first","9":"instock","10":"taxable","11":"shipping-taxable","12":"purchasable","13":"product-type-simple"},"_links":{"self":[{"href":"https:\/\/archive.classiccar-auctions.com\/de\/wp-json\/wp\/v2\/product\/462021","targetHints":{"allow":["GET"]}}],"collection":[{"href":"https:\/\/archive.classiccar-auctions.com\/de\/wp-json\/wp\/v2\/product"}],"about":[{"href":"https:\/\/archive.classiccar-auctions.com\/de\/wp-json\/wp\/v2\/types\/product"}],"replies":[{"embeddable":true,"href":"https:\/\/archive.classiccar-auctions.com\/de\/wp-json\/wp\/v2\/comments?post=462021"}],"wp:featuredmedia":[{"embeddable":true,"href":"https:\/\/archive.classiccar-auctions.com\/de\/wp-json\/wp\/v2\/media\/462022"}],"wp:attachment":[{"href":"https:\/\/archive.classiccar-auctions.com\/de\/wp-json\/wp\/v2\/media?parent=462021"}],"wp:term":[{"taxonomy":"product_brand","embeddable":true,"href":"https:\/\/archive.classiccar-auctions.com\/de\/wp-json\/wp\/v2\/product_brand?post=462021"},{"taxonomy":"product_cat","embeddable":true,"href":"https:\/\/archive.classiccar-auctions.com\/de\/wp-json\/wp\/v2\/product_cat?post=462021"},{"taxonomy":"product_tag","embeddable":true,"href":"https:\/\/archive.classiccar-auctions.com\/de\/wp-json\/wp\/v2\/product_tag?post=462021"}],"curies":[{"name":"wp","href":"https:\/\/api.w.org\/{rel}","templated":true}]}}