{"id":460654,"date":"2023-05-07T10:15:31","date_gmt":"2023-05-07T09:15:31","guid":{"rendered":"https:\/\/archive.classiccar-auctions.com\/product\/hoodie-with-logo\/"},"modified":"2023-05-30T14:40:28","modified_gmt":"2023-05-30T13:40:28","slug":"physical-catalog-the-palmen-barnfind-collection-by-gallery-aaldering","status":"publish","type":"product","link":"https:\/\/archive.classiccar-auctions.com\/de\/produkt\/physical-catalog-the-palmen-barnfind-collection-by-gallery-aaldering\/","title":{"rendered":"Auktionskatalog \u2013 The Palms Barnfind Collection"},"content":{"rendered":"<div id=\"fws_69d77f2be71cd\"  data-column-margin=\"default\" data-midnight=\"dark\"  class=\"wpb_row vc_row-fluid vc_row\"  style=\"padding-top: 0px; padding-bottom: 0px; \"><div class=\"row-bg-wrap\" data-bg-animation=\"none\" data-bg-animation-delay=\"\" data-bg-overlay=\"false\"><div class=\"inner-wrap row-bg-layer\" ><div class=\"row-bg viewport-desktop\"  style=\"\"><\/div><\/div><\/div><div class=\"row_col_wrap_12 col span_12 dark left\">\n\t<div  class=\"vc_col-sm-12 wpb_column column_container vc_column_container col no-extra-padding inherit_tablet inherit_phone\"  data-padding-pos=\"all\" data-has-bg-color=\"false\" data-bg-color=\"\" data-bg-opacity=\"1\" data-animation=\"\" data-delay=\"0\" >\n\t\t<div class=\"vc_column-inner\" >\n\t\t\t<div class=\"wpb_wrapper\">\n\t\t\t\t\n<div class=\"wpb_text_column wpb_content_element\" >\n\t<div class=\"wpb_wrapper\">\n\t\t<p>Entdecken Sie die verborgenen Sch\u00e4tze von <em>Die Palmen Barnfind-Sammlung der Galerie Aaldering \u2013 versteigert von Classic Car Auctions<\/em>. Eine der weltweit faszinierendsten Oldtimer-Entdeckungen der letzten Jahrzehnte. Dieses wundersch\u00f6n gestaltete Buch enth\u00e4lt alle 236 Lose, die Teil der Online-Auktion sind. Es zeigt auch, wie die Sammlung zustande kam. Dieses Buch bietet einen einzigartigen Einblick in eine besondere Auktion.<\/p>\n<p>Mit 240 Seiten atemberaubender Fotos und Beschreibungen der Autos, darunter einige der seltensten und kultigsten Modelle aus den 1950er, 1960er und 1970er Jahren, ist dieses Buch ein absolutes Muss f\u00fcr jeden Autoliebhaber. Vom wundersch\u00f6nen Lancia Aurelia B24 Spider America bis hin zu den vielen Facel Vegas hat jedes Fahrzeug in dieser Sammlung eine Geschichte zu erz\u00e4hlen und diese Ausgabe bietet Ihnen die M\u00f6glichkeit, sie alle zu entdecken.<\/p>\n<p>Pr\u00e4sentiert in einem stilvollen Hardcover und in einer limitierten Auflage von nur 5.000 St\u00fcck herausgegeben, ist dieses Buch nicht nur eine Hommage an die darin enthaltenen wundersch\u00f6nen Autos, sondern auch ein einzigartiges und wertvolles Sammlerst\u00fcck, das jeder Autoliebhaber in seiner Sammlung haben sollte. Bestellen Sie jetzt Ihr Exemplar <em>Die Palmen Barnfind-Sammlung der Galerie Aaldering \u2013 versteigert von Classic Car Auctions<\/em> und genie\u00dfen Sie die einzigartige Reise durch die Geschichte dieser atemberaubenden Autos.<\/p>\n<p><em>Versand innerhalb von 7 Werktagen nach dem Kauf<\/em><\/p>\n\t<\/div>\n<\/div>\n\n\n\n\n\t\t\t<\/div> \n\t\t<\/div>\n\t<\/div> \n<\/div><\/div>\n\t\t<div id=\"fws_69d77f2be76b1\"  data-column-margin=\"default\" data-midnight=\"dark\" data-top-percent=\"3%\" data-bottom-percent=\"3%\"  class=\"wpb_row vc_row-fluid vc_row full-width-section  bottom_padding_tablet_30pct\"  style=\"padding-top: calc(100vw * 0.03); padding-bottom: calc(100vw * 0.03); \"><div class=\"row-bg-wrap\" data-bg-animation=\"none\" data-bg-animation-delay=\"\" data-bg-overlay=\"false\"><div class=\"inner-wrap row-bg-layer\" ><div class=\"row-bg viewport-desktop\"  style=\"\"><\/div><\/div><\/div><div class=\"row_col_wrap_12 col span_12 dark left\">\n\t<div  class=\"vc_col-sm-12 wpb_column column_container vc_column_container col no-extra-padding inherit_tablet inherit_phone\"  data-padding-pos=\"all\" data-has-bg-color=\"false\" data-bg-color=\"\" data-bg-opacity=\"1\" data-animation=\"\" data-delay=\"0\" >\n\t\t<div class=\"vc_column-inner\" >\n\t\t\t<div class=\"wpb_wrapper\">\n\t\t\t\t<div id=\"fws_69d77f2be794f\" data-midnight=\"\" data-column-margin=\"90px\" class=\"wpb_row vc_row-fluid vc_row inner_row vc_row-o-equal-height vc_row-flex\"  style=\"\"><div class=\"row-bg-wrap\"> <div class=\"row-bg\" ><\/div> <\/div><div class=\"row_col_wrap_12_inner col span_12  left\">\n\t<div  class=\"vc_col-sm-4 wpb_column column_container vc_column_container col child_column centered-text has-animation no-extra-padding el_spacing_0px top_margin_tablet_50px top_margin_phone_30px bottom_margin_tablet_50px bottom_margin_phone_30px inherit_tablet inherit_phone\"   data-padding-pos=\"all\" data-has-bg-color=\"false\" data-bg-color=\"\" data-bg-opacity=\"1\" data-animation=\"fade-in-from-bottom\" data-delay=\"100\" >\n\t\t<div class=\"vc_column-inner\" >\n\t\t<div class=\"wpb_wrapper\">\n\t\t\t\n<div class=\"wpb_text_column wpb_content_element\" style=\" max-width: 350px; display: inline-block;\">\n\t<div class=\"wpb_wrapper\">\n\t\t<h4>Besuchen Sie Besichtigungstage<\/h4>\n\t<\/div>\n<\/div>\n\n\n\n<div class=\"divider-wrap\" data-alignment=\"default\"><div style=\"height: 15px;\" class=\"divider\"><\/div><\/div>\n<div class=\"wpb_text_column wpb_content_element\" style=\" max-width: 350px; display: inline-block;\">\n\t<div class=\"wpb_wrapper\">\n\t\t<p>Aufgrund der zu erwartenden hohen Beteiligung k\u00f6nnen Sie einen Besichtigungstag buchen\u00a0<em>Die Palmen Barnfind Collection von Gallery Aaldering<\/em>\u00a0Besuchen Sie uns nur, wenn Sie eine Eintrittskarte kaufen. Eine Anmeldung zu einem Besichtigungstag ist zwingend erforderlich. Mit der Eintrittskarte erhalten Sie au\u00dferdem einen Auktionskatalog.<\/p>\n\t<\/div>\n<\/div>\n\n\n\n<div class=\"nectar-cta  alignment_tablet_default alignment_phone_default display_tablet_inherit display_phone_inherit\" data-color=\"default\" data-using-bg=\"false\" data-display=\"block\" data-style=\"underline\" data-alignment=\"center\" data-text-color=\"custom\" style=\"margin-top: 15px; \"><span style=\"color: #000000;\" class=\"nectar-button-type\"> <span class=\"link_wrap\" ><a target=\"_blank\" class=\"link_text\" style=\"border-color: #000000;\" role=\"button\" href=\"https:\/\/eventix.shop\/xmxuc9fs\">Klicken Sie hier, um eine Eintrittskarte zu kaufen<\/a><\/span><\/span><\/div>\n\t\t<\/div> \n\t<\/div>\n\t<\/div> \n\n\t<div  class=\"vc_col-sm-4 wpb_column column_container vc_column_container col child_column centered-text has-animation no-extra-padding el_spacing_0px inherit_tablet inherit_phone\"   data-padding-pos=\"all\" data-has-bg-color=\"false\" data-bg-color=\"\" data-bg-opacity=\"1\" data-animation=\"fade-in-from-bottom\" data-delay=\"0\" >\n\t\t<div class=\"vc_column-inner\" >\n\t\t<div class=\"wpb_wrapper\">\n\t\t\t\n<div class=\"wpb_text_column wpb_content_element\" style=\" max-width: 350px; display: inline-block;\">\n\t<div class=\"wpb_wrapper\">\n\t\t<h4>ein Konto erstellen<\/h4>\n\t<\/div>\n<\/div>\n\n\n\n<div class=\"divider-wrap\" data-alignment=\"default\"><div style=\"height: 15px;\" class=\"divider\"><\/div><\/div>\n<div class=\"wpb_text_column wpb_content_element\" style=\" max-width: 350px; display: inline-block;\">\n\t<div class=\"wpb_wrapper\">\n\t\t<p>M\u00f6chten Sie in einer der aktuellen oder zuk\u00fcnftigen Auktionen auf Lose bieten? Jetzt schnell und einfach ein Konto erstellen! Die Anmeldung ist kostenlos.<\/p>\n\t<\/div>\n<\/div>\n\n\n\n<div class=\"nectar-cta  alignment_tablet_default alignment_phone_default display_tablet_inherit display_phone_inherit\" data-color=\"default\" data-using-bg=\"false\" data-display=\"block\" data-style=\"underline\" data-alignment=\"center\" data-text-color=\"custom\" style=\"margin-top: 15px; \"><span style=\"color: #000000;\" class=\"nectar-button-type\"> <span class=\"link_wrap\" ><a target=\"_blank\" class=\"link_text\" style=\"border-color: #000000;\" role=\"button\" href=\"https:\/\/classiccar-auctions.com\/nl\/register\">Hier registrieren<\/a><\/span><\/span><\/div>\n\t\t<\/div> \n\t<\/div>\n\t<\/div> \n\n\t<div  class=\"vc_col-sm-4 wpb_column column_container vc_column_container col child_column centered-text has-animation no-extra-padding el_spacing_0px top_margin_tablet_20px inherit_tablet inherit_phone\"   data-padding-pos=\"all\" data-has-bg-color=\"false\" data-bg-color=\"\" data-bg-opacity=\"1\" data-animation=\"fade-in-from-bottom\" data-delay=\"200\" >\n\t\t<div class=\"vc_column-inner\" >\n\t\t<div class=\"wpb_wrapper\">\n\t\t\t\n<div class=\"wpb_text_column wpb_content_element\" style=\" max-width: 350px; display: inline-block;\">\n\t<div class=\"wpb_wrapper\">\n\t\t<h4>Versteigern Sie Ihr Auto<\/h4>\n\t<\/div>\n<\/div>\n\n\n\n<div class=\"divider-wrap\" data-alignment=\"default\"><div style=\"height: 15px;\" class=\"divider\"><\/div><\/div>\n<div class=\"wpb_text_column wpb_content_element\" style=\" max-width: 350px; display: inline-block;\">\n\t<div class=\"wpb_wrapper\">\n\t\t<p>Bei CCA k\u00f6nnen Sie Ihren Klassiker, Sportwagen, Youngtimer oder Special zuverl\u00e4ssig und effektiv versteigern lassen. Seit 2011 organisieren wir mit einem Team aus engagierten und leidenschaftlichen Mitarbeitern eine gro\u00dfe Anzahl von Auktionen pro Jahr.<\/p>\n\t<\/div>\n<\/div>\n\n\n\n<div class=\"nectar-cta  alignment_tablet_default alignment_phone_default display_tablet_inherit display_phone_inherit\" data-color=\"default\" data-using-bg=\"false\" data-display=\"block\" data-style=\"underline\" data-alignment=\"center\" data-text-color=\"custom\" style=\"margin-top: 15px; \"><span style=\"color: #000000;\" class=\"nectar-button-type\"> <span class=\"link_wrap\" ><a target=\"_blank\" class=\"link_text\" style=\"border-color: #000000;\" role=\"button\" href=\"https:\/\/classiccar-auctions.com\/nl\/auctionyourcar\">Klicken Sie hier f\u00fcr weitere Informationen<\/a><\/span><\/span><\/div>\n\t\t<\/div> \n\t<\/div>\n\t<\/div> \n<\/div><\/div>\n\t\t\t<\/div> \n\t\t<\/div>\n\t<\/div> \n<\/div><\/div>\n\t\t<div id=\"fws_69d77f2be83ef\"  data-column-margin=\"default\" data-midnight=\"dark\"  class=\"wpb_row vc_row-fluid vc_row full-width-content vc_row-o-equal-height vc_row-flex vc_row-o-content-top\"  style=\"padding-top: 0px; padding-bottom: 0px; \"><div class=\"row-bg-wrap\" data-bg-animation=\"none\" data-bg-animation-delay=\"\" data-bg-overlay=\"false\"><div class=\"inner-wrap row-bg-layer\" ><div class=\"row-bg viewport-desktop\"  style=\"\"><\/div><\/div><\/div><div class=\"row_col_wrap_12 col span_12 dark left\">\n\t<div  class=\"vc_col-sm-12 wpb_column column_container vc_column_container col no-extra-padding inherit_tablet inherit_phone\"  data-padding-pos=\"all\" data-has-bg-color=\"false\" data-bg-color=\"\" data-bg-opacity=\"1\" data-animation=\"\" data-delay=\"0\" >\n\t\t<div class=\"vc_column-inner\" >\n\t\t\t<div class=\"wpb_wrapper\">\n\t\t\t\t\n\t<div class=\"wpb_gallery wpb_content_element clearfix\">\n\t\t<div class=\"wpb_wrapper\"><div class=\"wpb_gallery_slidesflickity_style\" data-onclick=\"link_image\" data-interval=\"5\"><div class=\"nectar-flickity not-initialized\"  data-touch-icon-color=\"default\" data-stagger=\"\" data-drag-scale=\"\" data-overflow=\"hidden\" data-wrap=\"wrap\" data-spacing=\"default\" data-shadow=\"small_depth\" data-autoplay=\"\" data-autoplay-dur=\"\" data-free-scroll=\"\" data-controls=\"pagination\" data-desktop-columns=\"1\" data-small-desktop-columns=\"1\" data-tablet-columns=\"1\" data-phone-columns=\"1\"><div class=\"flickity-viewport\"> <div class=\"flickity-slider\"><div class=\"cell\" data-lazy=\"false\"><img loading=\"lazy\" decoding=\"async\" width=\"2000\" height=\"1500\" src=\"https:\/\/archive.classiccar-auctions.com\/wp-content\/uploads\/2023\/05\/boek-foto3.jpg\" class=\"skip-lazy nectar-lazy attachment-full\" alt=\"\" title=\"Buchfoto3\" srcset=\"https:\/\/archive.classiccar-auctions.com\/wp-content\/uploads\/2023\/05\/boek-foto3.jpg 2000w, https:\/\/archive.classiccar-auctions.com\/wp-content\/uploads\/2023\/05\/boek-foto3-600x450.jpg 600w\" sizes=\"auto, (max-width: 2000px) 100vw, 2000px\" \/><a class=\"entire-slide-link\"  href=\"https:\/\/archive.classiccar-auctions.com\/wp-content\/uploads\/2023\/05\/boek-foto3.jpg\"><\/a><\/div><div class=\"cell\" data-lazy=\"false\"><img loading=\"lazy\" decoding=\"async\" width=\"2000\" height=\"1500\" src=\"https:\/\/archive.classiccar-auctions.com\/wp-content\/uploads\/2023\/05\/boek-foto2.jpg\" class=\"skip-lazy nectar-lazy attachment-full\" alt=\"\" title=\"Buchfoto2\" srcset=\"https:\/\/archive.classiccar-auctions.com\/wp-content\/uploads\/2023\/05\/boek-foto2.jpg 2000w, https:\/\/archive.classiccar-auctions.com\/wp-content\/uploads\/2023\/05\/boek-foto2-600x450.jpg 600w\" sizes=\"auto, (max-width: 2000px) 100vw, 2000px\" \/><a class=\"entire-slide-link\"  href=\"https:\/\/archive.classiccar-auctions.com\/wp-content\/uploads\/2023\/05\/boek-foto2.jpg\"><\/a><\/div><div class=\"cell\" data-lazy=\"false\"><img loading=\"lazy\" decoding=\"async\" width=\"2000\" height=\"1500\" src=\"https:\/\/archive.classiccar-auctions.com\/wp-content\/uploads\/2023\/05\/boek-foto1-1.jpg\" class=\"skip-lazy nectar-lazy attachment-full\" alt=\"\" title=\"Buchfoto1\" srcset=\"https:\/\/archive.classiccar-auctions.com\/wp-content\/uploads\/2023\/05\/boek-foto1-1.jpg 2000w, https:\/\/archive.classiccar-auctions.com\/wp-content\/uploads\/2023\/05\/boek-foto1-1-600x450.jpg 600w\" sizes=\"auto, (max-width: 2000px) 100vw, 2000px\" \/><a class=\"entire-slide-link\"  href=\"https:\/\/archive.classiccar-auctions.com\/wp-content\/uploads\/2023\/05\/boek-foto1-1.jpg\"><\/a><\/div><\/div><\/div><\/div><\/div>\n\t\t<\/div> \n\t<\/div> \n\t\t\t<\/div> \n\t\t<\/div>\n\t<\/div> \n<\/div><\/div>","protected":false},"excerpt":{"rendered":"<h4>Von der Galerie Aaldering<br \/>\nVersteigert von Classic Car Auctions<\/h4>","protected":false},"featured_media":460662,"comment_status":"open","ping_status":"closed","template":"","meta":[],"product_brand":[],"product_cat":[670],"product_tag":[],"class_list":{"0":"post-460654","1":"product","2":"type-product","3":"status-publish","4":"has-post-thumbnail","6":"product_cat-catalog","8":"first","9":"instock","10":"taxable","11":"shipping-taxable","12":"purchasable","13":"product-type-simple"},"_links":{"self":[{"href":"https:\/\/archive.classiccar-auctions.com\/de\/wp-json\/wp\/v2\/product\/460654","targetHints":{"allow":["GET"]}}],"collection":[{"href":"https:\/\/archive.classiccar-auctions.com\/de\/wp-json\/wp\/v2\/product"}],"about":[{"href":"https:\/\/archive.classiccar-auctions.com\/de\/wp-json\/wp\/v2\/types\/product"}],"replies":[{"embeddable":true,"href":"https:\/\/archive.classiccar-auctions.com\/de\/wp-json\/wp\/v2\/comments?post=460654"}],"wp:featuredmedia":[{"embeddable":true,"href":"https:\/\/archive.classiccar-auctions.com\/de\/wp-json\/wp\/v2\/media\/460662"}],"wp:attachment":[{"href":"https:\/\/archive.classiccar-auctions.com\/de\/wp-json\/wp\/v2\/media?parent=460654"}],"wp:term":[{"taxonomy":"product_brand","embeddable":true,"href":"https:\/\/archive.classiccar-auctions.com\/de\/wp-json\/wp\/v2\/product_brand?post=460654"},{"taxonomy":"product_cat","embeddable":true,"href":"https:\/\/archive.classiccar-auctions.com\/de\/wp-json\/wp\/v2\/product_cat?post=460654"},{"taxonomy":"product_tag","embeddable":true,"href":"https:\/\/archive.classiccar-auctions.com\/de\/wp-json\/wp\/v2\/product_tag?post=460654"}],"curies":[{"name":"wp","href":"https:\/\/api.w.org\/{rel}","templated":true}]}}