{"id":460611,"date":"2023-04-10T15:43:18","date_gmt":"2023-04-10T14:43:18","guid":{"rendered":"https:\/\/www.classiccar-auctions.com\/?page_id=460611"},"modified":"2023-04-10T20:02:27","modified_gmt":"2023-04-10T19:02:27","slug":"auction-117","status":"publish","type":"page","link":"https:\/\/archive.classiccar-auctions.com\/de\/auction-117\/","title":{"rendered":"Auktion 117"},"content":{"rendered":"<div id=\"fws_69d6775ec449b\"  data-column-margin=\"default\" data-midnight=\"light\"  class=\"wpb_row vc_row-fluid vc_row full-width-section\"  style=\"padding-top: 150px; padding-bottom: 150px; \"><div class=\"row-bg-wrap\" data-bg-animation=\"none\" data-bg-animation-delay=\"\" data-bg-overlay=\"false\"><div class=\"inner-wrap row-bg-layer using-image\" ><div class=\"row-bg viewport-desktop using-image\"  style=\"background-image: url(https:\/\/archive.classiccar-auctions.com\/wp-content\/uploads\/2022\/08\/uitgelichte-afbeelding-veiling-66375.jpg); background-position: center center; background-repeat: no-repeat; \"><\/div><\/div><div class=\"row-bg-overlay row-bg-layer\" style=\"background:linear-gradient(0deg, rgb(0,0,0) 10%, rgba(20,20,20,0.512) 90%);\"><\/div><\/div><div class=\"row_col_wrap_12 col span_12 light left\">\n\t<div  class=\"vc_col-sm-2 wpb_column column_container vc_column_container col no-extra-padding inherit_tablet inherit_phone\"  data-padding-pos=\"all\" data-has-bg-color=\"false\" data-bg-color=\"\" data-bg-opacity=\"1\" data-animation=\"\" data-delay=\"0\" >\n\t\t<div class=\"vc_column-inner\" >\n\t\t\t<div class=\"wpb_wrapper\">\n\t\t\t\t\n\t\t\t<\/div> \n\t\t<\/div>\n\t<\/div> \n\n\t<div  class=\"vc_col-sm-8 wpb_column column_container vc_column_container col centered-text padding-1-percent inherit_tablet inherit_phone\"  data-padding-pos=\"all\" data-has-bg-color=\"false\" data-bg-color=\"\" data-bg-opacity=\"1\" data-animation=\"\" data-delay=\"0\" >\n\t\t<div class=\"vc_column-inner\" >\n\t\t\t<div class=\"wpb_wrapper\">\n\t\t\t\t\n<div class=\"wpb_text_column wpb_content_element\" >\n\t<div class=\"wpb_wrapper\">\n\t\t<h2 style=\"text-align: center;\">Demn\u00e4chst erh\u00e4ltlich \u2013 Oldtimer und Sportwagen in Amsterdam<\/h2>\n\t<\/div>\n<\/div>\n\n\n\n<div class=\"nectar-next-section-wrap minimal-arrow alignment_tablet_default alignment_phone_default display_tablet_inherit display_phone_inherit\"  data-align=\"center\" data-custom-color=\"true\">\n    <a href=\"#\" class=\"nectar-next-section skip-hash\">\n      <span class=\"screen-reader-text\">Zum n\u00e4chsten Abschnitt navigieren<\/span>\n      <svg class=\"next-arrow\" width=\"40px\" height=\"68px\" viewbox=\"0 0 40 50\" xml:space=\"preserve\">\n      <path stroke=\"#ffffff\" stroke-width=\"2\" fill=\"none\" d=\"M 20 0 L 20 51\"><\/path>\n      <polyline stroke=\"#ffffff\" stroke-width=\"2\" fill=\"none\" points=\"12, 44 20, 52 28, 44\"><\/polyline>\n      <\/svg>\n    <\/a>\n  <\/div>\n\t\t\t<\/div> \n\t\t<\/div>\n\t<\/div> \n\n\t<div  class=\"vc_col-sm-2 wpb_column column_container vc_column_container col no-extra-padding inherit_tablet inherit_phone\"  data-padding-pos=\"all\" data-has-bg-color=\"false\" data-bg-color=\"\" data-bg-opacity=\"1\" data-animation=\"\" data-delay=\"0\" >\n\t\t<div class=\"vc_column-inner\" >\n\t\t\t<div class=\"wpb_wrapper\">\n\t\t\t\t\n\t\t\t<\/div> \n\t\t<\/div>\n\t<\/div> \n<\/div><\/div>\n\t\t<div id=\"fws_69d6775ec4fe0\"  data-column-margin=\"default\" data-midnight=\"light\" data-nectar-animated-gradient-settings=\"{&quot;color_1&quot;:&quot;#960206&quot;,&quot;color_2&quot;:&quot;#c60101&quot;,&quot;speed&quot;:&quot;850&quot;,&quot;blending_mode&quot;:&quot;organic&quot;}\"  class=\"wpb_row vc_row-fluid vc_row full-width-content vc_row-o-equal-height vc_row-flex  nectar-overflow-hidden\"  style=\"padding-top: 0px; padding-bottom: 0px; \"><div class=\"row-bg-wrap has-animated-gradient\" data-bg-animation=\"none\" data-bg-animation-delay=\"\" data-bg-overlay=\"false\"><div class=\"inner-wrap row-bg-layer\" ><div class=\"row-bg viewport-desktop using-bg-color\"  style=\"background-color: #000000; \"><\/div><\/div><\/div><div class=\"row_col_wrap_12 col span_12 light left\">\n\t<div  class=\"vc_col-sm-12 wpb_column column_container vc_column_container col no-extra-padding column_position_static el_spacing_0px inherit_tablet inherit_phone\"  data-padding-pos=\"all\" data-has-bg-color=\"false\" data-bg-color=\"\" data-bg-opacity=\"1\" data-animation=\"\" data-delay=\"0\" >\n\t\t<div class=\"vc_column-inner\" >\n\t\t\t<div class=\"wpb_wrapper\">\n\t\t\t\t<div id=\"fws_69d6775ec53c1\" data-midnight=\"\" data-column-margin=\"custom\" class=\"wpb_row vc_row-fluid vc_row inner_row vc_row-o-equal-height vc_row-flex vc_row-o-content-bottom right_padding_10pct left_padding_10pct column-margin-6vw top_padding_tablet_20pct top_padding_phone_25pct right_padding_phone_14pct left_padding_phone_14pct\"  style=\"padding-top: 10%; padding-bottom: 10%; \"><div class=\"row-bg-wrap\"> <div class=\"row-bg\" ><\/div> <\/div><div class=\"row_col_wrap_12_inner col span_12  left\">\n\t<div  class=\"vc_col-sm-3\/5 wpb_column column_container vc_column_container col child_column has-animation force-tablet-text-align-center force-phone-text-align-center el_spacing_5px left_padding_tablet_10pct left_padding_phone_0px right_padding_tablet_10pct right_padding_phone_0px\"   data-padding-pos=\"all\" data-has-bg-color=\"false\" data-bg-color=\"\" data-bg-opacity=\"1\" data-animation=\"slight-fade-in-from-bottom\" data-delay=\"400\" >\n\t\t<div class=\"vc_column-inner\" >\n\t\t<div class=\"wpb_wrapper\">\n\t\t\t<div class=\"nectar-highlighted-text font_size_5vw font_size_tablet_7vw font_size_phone_8vw font_line_height_1-1\" data-style=\"scribble\" data-exp=\"default\" data-using-custom-color=\"false\" data-animation-delay=\"400\" data-color=\"\" data-color-gradient=\"\" style=\"\"><h1>Registrieren Sie Ihr Auto jetzt f\u00fcr das n\u00e4chste <em>Versteigerung<svg class=\"nectar-scribble basic-underline\" role=\"presentation\" viewbox=\"-400 -55 730 60\" preserveaspectratio=\"none\"><path style=\"animation-duration: 1.3s;\" d=\"m -383.25 -6 c 55.25 -22 130.75 -33.5 293.25 -38 c 54.5 -0.5 195 -2.5 401 15\" stroke=\"#ffffff\" pathlength=\"1\" stroke-width=\"8\" fill=\"none\"\/><\/svg><\/em><\/h1>\n<\/div><div class=\"divider-wrap height_tablet_30px\" data-alignment=\"default\"><div style=\"height: 50px;\" class=\"divider\"><\/div><\/div><div class=\"nectar-cta  hover_color_c60101 border_color_c60101 hover_border_color_c60101 border_thickness_1px alignment_tablet_default alignment_phone_default display_tablet_inherit display_phone_inherit font_size_desktop_1-1vw font_size_tablet_2vw font_size_phone_16px\" data-color=\"default\" data-using-bg=\"false\" data-style=\"see-through\" data-display=\"block\" data-alignment=\"left\" data-text-color=\"custom\" style=\"margin-bottom: 16px; \"><span style=\"color: #ffffff;\" class=\"nectar-button-type\"> <span class=\"text\"> <\/span><span class=\"link_wrap\" style=\"padding-top: 1em; padding-right: 2.3em; padding-bottom: 1em; padding-left: 2.3em;\"><a  class=\"link_text\" role=\"button\" href=\"https:\/\/archive.classiccar-auctions.com\/de\/uw-auto-veilen\/\">Sehen Sie sich schnell die M\u00f6glichkeiten an<span class=\"arrow\"><\/span><\/a><\/span><\/span><\/div>\n\t\t<\/div> \n\t<\/div>\n\t<\/div> \n\n\t<div  class=\"vc_col-sm-2\/5 wpb_column column_container vc_column_container col child_column has-animation force-desktop-text-align-center force-tablet-text-align-center force-phone-text-align-center el_spacing_10px top_margin_tablet_40px left_padding_tablet_20pct left_padding_phone_8pct right_padding_tablet_20pct right_padding_phone_8pct\"   data-padding-pos=\"all\" data-has-bg-color=\"false\" data-bg-color=\"\" data-bg-opacity=\"1\" data-animation=\"slight-fade-in-from-bottom\" data-delay=\"500\" >\n\t\t<div class=\"vc_column-inner\" >\n\t\t<div class=\"wpb_wrapper\">\n\t\t\t<div class=\"nectar-split-heading  font_size_1-3vw font_size_tablet_2vw font_size_phone_16px font_line_height_1-4\" data-align=\"default\" data-m-align=\"inherit\" data-text-effect=\"default\" data-animation-type=\"line-reveal-by-space\" data-animation-delay=\"400\" data-animation-offset=\"\" data-m-rm-animation=\"\" data-stagger=\"true\" data-custom-font-size=\"true\" style=\"font-size: 1.3vw; line-height: 1.43vw;\"><p >Bei CCA k\u00f6nnen Sie ganz einfach Ihren Klassiker, Sportwagen, Youngtimer oder Special versteigern lassen. Das k\u00f6nnen ein Auto oder mehrere sein.<\/p>\n<p>Eine Anmeldung zu dieser Auktion ist leider nicht mehr m\u00f6glich. Sie k\u00f6nnen sich jederzeit \u00fcber die M\u00f6glichkeiten erkundigen, ein Auto f\u00fcr eine andere Auktion einzureichen.<\/p><\/div><div class=\"divider-wrap\" data-alignment=\"default\"><div style=\"height: 30px;\" class=\"divider\"><\/div><\/div><div class=\"nectar-split-heading  font_size_1-3vw font_size_tablet_2vw font_size_phone_16px font_line_height_1-4\" data-align=\"default\" data-m-align=\"inherit\" data-text-effect=\"default\" data-animation-type=\"line-reveal-by-space\" data-animation-delay=\"400\" data-animation-offset=\"\" data-m-rm-animation=\"\" data-stagger=\"true\" data-custom-font-size=\"true\" style=\"font-size: 1.3vw; line-height: 1.43vw;\"><p >Noch freie Pl\u00e4tze:<\/p><\/div><div class=\"nectar-milestone\"  data-animation-delay=\"\" data-ms-align=\"default\" > <div class=\"number default\" data-number-size=\"40\"><span>0<\/span><\/div> <div class=\"subject\" ><\/div> <\/div>\n\t\t<\/div> \n\t<\/div>\n\t<\/div> \n<\/div><\/div>\n\t\t\t<\/div> \n\t\t<\/div>\n\t<\/div> \n<\/div><\/div>\n\t\t<div id=\"fws_69d6775ec665c\"  data-column-margin=\"default\" data-midnight=\"dark\" data-top-percent=\"3%\"  class=\"wpb_row vc_row-fluid vc_row\"  style=\"padding-top: calc(100vw * 0.03); padding-bottom: 0px; \"><div class=\"row-bg-wrap\" data-bg-animation=\"none\" data-bg-animation-delay=\"\" data-bg-overlay=\"false\"><div class=\"inner-wrap row-bg-layer\" ><div class=\"row-bg viewport-desktop\"  style=\"\"><\/div><\/div><\/div><div class=\"row_col_wrap_12 col span_12 dark left\">\n\t<div  class=\"vc_col-sm-6 wpb_column column_container vc_column_container col no-extra-padding inherit_tablet inherit_phone\"  data-padding-pos=\"all\" data-has-bg-color=\"false\" data-bg-color=\"\" data-bg-opacity=\"1\" data-animation=\"\" data-delay=\"0\" >\n\t\t<div class=\"vc_column-inner\" >\n\t\t\t<div class=\"wpb_wrapper\">\n\t\t\t\t\n<div class=\"wpb_text_column wpb_content_element\" >\n\t<div class=\"wpb_wrapper\">\n\t\t<h3><span class=\"inner\">Auktionstermine<\/span><\/h3>\n\t<\/div>\n<\/div>\n\n\n\n<div class=\"divider-wrap\" data-alignment=\"default\"><div style=\"height: 10px;\" class=\"divider\"><\/div><\/div>\n<div class=\"wpb_text_column wpb_content_element\" >\n\t<div class=\"wpb_wrapper\">\n\t\t<p><strong>Auktion starten:<\/strong> Dienstag, 18. April 2023 um 17:00 Uhr<br \/>\n<strong>Schlie\u00dfung:<\/strong> Dienstag, 2. Mai 2023 ab 20:00 Uhr<\/p>\n<p><strong>Besichtigungstage:<br \/>\n<\/strong>Mittwoch, 26. April 2023 9:30 bis 17:30 Uhr<\/p>\n<p><strong>Ort:<\/strong><br \/>\nMuiderstra\u00dfe 21<br \/>\n1011 PZ Amsterdam<br \/>\ndie Niederlande<\/p>\n<p><strong>Abholtag:<br \/>\n<\/strong>Freitag, 12. Mai 2023 von 10:00 bis 16:00 Uhr<br \/>\nMuiderstra\u00dfe 21<br \/>\n1011 PZ Amsterdam<br \/>\ndie Niederlande<\/p>\n<p>Als zus\u00e4tzlichen Service bieten wir an, das gewonnene Auto f\u00fcr 195 \u20ac (inkl. MwSt.) innerhalb der Niederlande zu liefern. Wenn Sie im Ausland leben, k\u00f6nnen wir den Transport in Absprache zum bestm\u00f6glichen Preis arrangieren. <a href=\"https:\/\/archive.classiccar-auctions.com\/de\/transportprijzen\/\">Mehr Informationen.<\/a><\/p>\n\t<\/div>\n<\/div>\n\n\n\n\n\t\t\t<\/div> \n\t\t<\/div>\n\t<\/div> \n\n\t<div  class=\"vc_col-sm-6 wpb_column column_container vc_column_container col no-extra-padding inherit_tablet inherit_phone\"  data-padding-pos=\"all\" data-has-bg-color=\"false\" data-bg-color=\"\" data-bg-opacity=\"1\" data-animation=\"\" data-delay=\"0\" >\n\t\t<div class=\"vc_column-inner\" >\n\t\t\t<div class=\"wpb_wrapper\">\n\t\t\t\t\n<div class=\"wpb_text_column wpb_content_element\" >\n\t<div class=\"wpb_wrapper\">\n\t\t<h3><span class=\"inner\">Zus\u00e4tzlich<\/span>\u00a0<span class=\"inner\">Information<\/span><\/h3>\n\t<\/div>\n<\/div>\n\n\n\n<div class=\"divider-wrap\" data-alignment=\"default\"><div style=\"height: 10px;\" class=\"divider\"><\/div><\/div>\n<div class=\"wpb_text_column wpb_content_element\" >\n\t<div class=\"wpb_wrapper\">\n\t\t<p>Im Auftrag verschiedener privater und gewerblicher Verk\u00e4ufer organisiert Classic Car Auctions diese Online-Auktion in Zusammenarbeit mit BVA Auctions. Sie k\u00f6nnen auf ein Auto bieten, indem Sie auf die Schaltfl\u00e4che \u201eBieten\u201c klicken, woraufhin Sie zum Auktionsbereich der Website von BVA Auctions weitergeleitet werden.<\/p>\n<p>Es ist immer m\u00f6glich, Autos f\u00fcr die n\u00e4chste Auktion einzustellen. F\u00fcr Informationen zu den Konditionen kontaktieren Sie uns bitte unter\u00a0<a href=\"https:\/\/archive.classiccar-auctions.com\/de\/contact\/\">unser Kontaktformular<\/a>.<\/p>\n<p>Da die Autos in der Auktion ohne Garantie verkauft werden, empfehlen wir Ihnen, die Autos an den Besichtigungstagen pers\u00f6nlich zu besichtigen. Es ist auch m\u00f6glich, dies von einem Experten durchf\u00fchren zu lassen. Auf Wunsch kann hierf\u00fcr ein spezieller Termin vereinbart werden. Bitte \u00fcberpr\u00fcfen Sie Ihre lokalen Fahrzeugregistrierungsgesetze vor dem Bieten. Weder der Verk\u00e4ufer noch Classic Car Auctions oder BVA Auctions sind f\u00fcr die Zulassung des Fahrzeugs in Ihrem Land verantwortlich.<\/p>\n<p>Die Losbeschreibung auf der Website erfolgt auf Basis der Classic Car Auctions bekannten Informationen. Classic Car Auctions ist keine Werkstatt oder Reparaturfirma und pr\u00fcft nicht, ob alles richtig funktioniert.<\/p>\n\t<\/div>\n<\/div>\n\n\n\n\n\t\t\t<\/div> \n\t\t<\/div>\n\t<\/div> \n<\/div><\/div>\n\t\t<div id=\"fws_69d6775ec6e34\"  data-column-margin=\"default\" data-midnight=\"dark\"  class=\"wpb_row vc_row-fluid vc_row\"  style=\"padding-top: 0px; padding-bottom: 0px; \"><div class=\"row-bg-wrap\" data-bg-animation=\"none\" data-bg-animation-delay=\"\" data-bg-overlay=\"false\"><div class=\"inner-wrap row-bg-layer\" ><div class=\"row-bg viewport-desktop\"  style=\"\"><\/div><\/div><\/div><div class=\"row_col_wrap_12 col span_12 dark left\">\n\t<div  class=\"vc_col-sm-12 wpb_column column_container vc_column_container col no-extra-padding inherit_tablet inherit_phone\"  data-padding-pos=\"all\" data-has-bg-color=\"false\" data-bg-color=\"\" data-bg-opacity=\"1\" data-animation=\"\" data-delay=\"0\" >\n\t\t<div class=\"vc_column-inner\" >\n\t\t\t<div class=\"wpb_wrapper\">\n\t\t\t\t<div class=\"divider-wrap\" data-alignment=\"default\"><div style=\"height: 20px;\" class=\"divider\"><\/div><\/div>\n\t\t\t<\/div> \n\t\t<\/div>\n\t<\/div> \n<\/div><\/div>","protected":false},"excerpt":{"rendered":"Demn\u00e4chst \u2013 Oldtimer und Sportwagen in Amsterdam. Navigieren Sie zum n\u00e4chsten Abschnitt. Registrieren Sie Ihr Auto jetzt f\u00fcr die n\u00e4chste Auktion. Sehen Sie sich die Optionen schnell an. Bei CCA k\u00f6nnen Sie \u2026","protected":false},"author":1,"featured_media":0,"parent":0,"menu_order":0,"comment_status":"closed","ping_status":"closed","template":"","meta":{"footnotes":""},"class_list":["post-460611","page","type-page","status-publish"],"_links":{"self":[{"href":"https:\/\/archive.classiccar-auctions.com\/de\/wp-json\/wp\/v2\/pages\/460611","targetHints":{"allow":["GET"]}}],"collection":[{"href":"https:\/\/archive.classiccar-auctions.com\/de\/wp-json\/wp\/v2\/pages"}],"about":[{"href":"https:\/\/archive.classiccar-auctions.com\/de\/wp-json\/wp\/v2\/types\/page"}],"author":[{"embeddable":true,"href":"https:\/\/archive.classiccar-auctions.com\/de\/wp-json\/wp\/v2\/users\/1"}],"replies":[{"embeddable":true,"href":"https:\/\/archive.classiccar-auctions.com\/de\/wp-json\/wp\/v2\/comments?post=460611"}],"version-history":[{"count":3,"href":"https:\/\/archive.classiccar-auctions.com\/de\/wp-json\/wp\/v2\/pages\/460611\/revisions"}],"predecessor-version":[{"id":460622,"href":"https:\/\/archive.classiccar-auctions.com\/de\/wp-json\/wp\/v2\/pages\/460611\/revisions\/460622"}],"wp:attachment":[{"href":"https:\/\/archive.classiccar-auctions.com\/de\/wp-json\/wp\/v2\/media?parent=460611"}],"curies":[{"name":"wp","href":"https:\/\/api.w.org\/{rel}","templated":true}]}}