{"id":414930,"date":"2018-09-19T17:39:53","date_gmt":"2018-09-19T15:39:53","guid":{"rendered":"https:\/\/www.classiccar-auctions.com\/?page_id=414930"},"modified":"2021-02-03T16:19:18","modified_gmt":"2021-02-03T14:19:18","slug":"auction-54251","status":"publish","type":"page","link":"https:\/\/archive.classiccar-auctions.com\/de\/auction-54251\/","title":{"rendered":"Auction 54251"},"content":{"rendered":"<div id=\"fws_69df2fbec1064\"  data-column-margin=\"default\" data-midnight=\"light\"  class=\"wpb_row vc_row-fluid vc_row full-width-section\"  style=\"padding-top: 150px; padding-bottom: 150px; \"><div class=\"row-bg-wrap\" data-bg-animation=\"none\" data-bg-animation-delay=\"\" data-bg-overlay=\"true\"><div class=\"inner-wrap row-bg-layer using-image\" ><div class=\"row-bg viewport-desktop using-image\"  style=\"background-image: url(https:\/\/archive.classiccar-auctions.com\/wp-content\/uploads\/2021\/02\/headernaveiling54251.jpg); background-position: left top; background-repeat: no-repeat; \"><\/div><\/div><div class=\"row-bg-overlay row-bg-layer\" style=\"background-color:#212121;  opacity: 0.8; \"><\/div><\/div><div class=\"row_col_wrap_12 col span_12 light left\">\n\t<div  class=\"vc_col-sm-2 wpb_column column_container vc_column_container col no-extra-padding inherit_tablet inherit_phone\"  data-padding-pos=\"all\" data-has-bg-color=\"false\" data-bg-color=\"\" data-bg-opacity=\"1\" data-animation=\"\" data-delay=\"0\" >\n\t\t<div class=\"vc_column-inner\" >\n\t\t\t<div class=\"wpb_wrapper\">\n\t\t\t\t\n\t\t\t<\/div> \n\t\t<\/div>\n\t<\/div> \n\n\t<div  class=\"vc_col-sm-8 wpb_column column_container vc_column_container col centered-text padding-1-percent inherit_tablet inherit_phone\"  data-padding-pos=\"all\" data-has-bg-color=\"false\" data-bg-color=\"\" data-bg-opacity=\"1\" data-animation=\"\" data-delay=\"0\" >\n\t\t<div class=\"vc_column-inner\" >\n\t\t\t<div class=\"wpb_wrapper\">\n\t\t\t\t<div class=\"nectar-split-heading\" data-align=\"default\" data-m-align=\"inherit\" data-text-effect=\"default\" data-animation-type=\"default\" data-animation-delay=\"0\" data-animation-offset=\"\" data-m-rm-animation=\"\" data-stagger=\"\" data-custom-font-size=\"false\" ><div class=\"heading-line\" > <div><h2 style=\"text-align: center\">Auktion Exclusive &amp; Sports Cars in Uithoorn<\/h2> <\/div> <\/div><\/div>\n\t\t\t<\/div> \n\t\t<\/div>\n\t<\/div> \n\n\t<div  class=\"vc_col-sm-2 wpb_column column_container vc_column_container col no-extra-padding inherit_tablet inherit_phone\"  data-padding-pos=\"all\" data-has-bg-color=\"false\" data-bg-color=\"\" data-bg-opacity=\"1\" data-animation=\"\" data-delay=\"0\" >\n\t\t<div class=\"vc_column-inner\" >\n\t\t\t<div class=\"wpb_wrapper\">\n\t\t\t\t\n\t\t\t<\/div> \n\t\t<\/div>\n\t<\/div> \n<\/div><\/div>\n\t\t<div id=\"fws_69df2fbec1f9f\"  data-column-margin=\"default\" data-midnight=\"dark\"  class=\"wpb_row vc_row-fluid vc_row full-width-section vc_row-o-equal-height vc_row-flex vc_row-o-content-middle\"  style=\"padding-top: 20px; padding-bottom: 20px; \"><div class=\"row-bg-wrap\" data-bg-animation=\"none\" data-bg-animation-delay=\"\" data-bg-overlay=\"true\"><div class=\"inner-wrap row-bg-layer\" ><div class=\"row-bg viewport-desktop using-bg-color\"  style=\"background-color: #eef0f4; \"><\/div><\/div><div class=\"row-bg-overlay row-bg-layer\" style=\"background: #eef0f4; background: linear-gradient(to bottom,#eef0f4 0%,#e8e9ed 100%);  opacity: 0.5; \"><\/div><\/div><div class=\"row_col_wrap_12 col span_12 dark center\">\n\t<div  class=\"vc_col-sm-12 wpb_column column_container vc_column_container col no-extra-padding force-tablet-text-align-center force-phone-text-align-center inherit_tablet inherit_phone\"  data-padding-pos=\"all\" data-has-bg-color=\"false\" data-bg-color=\"\" data-bg-opacity=\"1\" data-animation=\"\" data-delay=\"0\" >\n\t\t<div class=\"vc_column-inner\" >\n\t\t\t<div class=\"wpb_wrapper\">\n\t\t\t\t\n<div class=\"wpb_text_column wpb_content_element\" >\n\t<div class=\"wpb_wrapper\">\n\t\t<p>F\u00fcr die aktuellen Auktionen haben wir zus\u00e4tzliche Ma\u00dfnahmen &amp; Optionen implementiert.<br \/>\nMehr wissen?<a href=\"https:\/\/archive.classiccar-auctions.com\/de\/maatregelen-inzake-covid-19\/\"> Sehen Sie sich die h\u00e4ufig gestellten Fragen zu COVID-19 an.<\/a><\/p>\n\t<\/div>\n<\/div>\n\n\n\n\n\t\t\t<\/div> \n\t\t<\/div>\n\t<\/div> \n<\/div><\/div>\n\t\t<div id=\"fws_69df2fbec251e\"  data-column-margin=\"default\" data-midnight=\"dark\" data-top-percent=\"3%\"  class=\"wpb_row vc_row-fluid vc_row\"  style=\"padding-top: calc(100vw * 0.03); padding-bottom: 0px; \"><div class=\"row-bg-wrap\" data-bg-animation=\"none\" data-bg-animation-delay=\"\" data-bg-overlay=\"false\"><div class=\"inner-wrap row-bg-layer\" ><div class=\"row-bg viewport-desktop\"  style=\"\"><\/div><\/div><\/div><div class=\"row_col_wrap_12 col span_12 dark left\">\n\t<div  class=\"vc_col-sm-6 wpb_column column_container vc_column_container col no-extra-padding inherit_tablet inherit_phone\"  data-padding-pos=\"all\" data-has-bg-color=\"false\" data-bg-color=\"\" data-bg-opacity=\"1\" data-animation=\"\" data-delay=\"0\" >\n\t\t<div class=\"vc_column-inner\" >\n\t\t\t<div class=\"wpb_wrapper\">\n\t\t\t\t\n<div class=\"wpb_text_column wpb_content_element\" >\n\t<div class=\"wpb_wrapper\">\n\t\t<h3><span class=\"inner\">Auktionstermine<\/span><\/h3>\n\t<\/div>\n<\/div>\n\n\n\n<div class=\"divider-wrap\" data-alignment=\"default\"><div style=\"height: 10px;\" class=\"divider\"><\/div><\/div>\n<div class=\"wpb_text_column wpb_content_element\" >\n\t<div class=\"wpb_wrapper\">\n\t\t<p><strong>Auktion starten:<\/strong> Mittwoch, 3. Februar 2021 um 17:00 Uhr<br \/>\n<strong>Schlie\u00dfung:<\/strong> Mittwoch, 10. Februar 2021 ab 20:00 Uhr<\/p>\n<p><strong>Besichtigungstage:<\/strong><br class=\"\" \/>Freitag, 5. Februar 2021 von 10:00 bis 16:00 Uhr<br \/>\nMontag, 8. Februar 2021 von 10:00 bis 16:00 Uhr<\/p>\n<p><strong>Ort:<\/strong><br \/>\nAnthony Fokkerweg 7<br \/>\n1422 AE Uithoorn<br \/>\ndie Niederlande<\/p>\n<p><strong>Abholtag:<br \/>\n<\/strong>Freitag, 19. Februar 2021 von 10 bis 16 Uhr<\/p>\n<p>Als zus\u00e4tzlichen Service bieten wir an, das gewonnene Auto f\u00fcr 150 \u20ac (inkl. MwSt.) innerhalb der Niederlande zu liefern. Wenn Sie im Ausland leben, organisieren wir den Transport in Absprache zum bestm\u00f6glichen Preis.<\/p>\n\t<\/div>\n<\/div>\n\n\n\n\n\t\t\t<\/div> \n\t\t<\/div>\n\t<\/div> \n\n\t<div  class=\"vc_col-sm-6 wpb_column column_container vc_column_container col no-extra-padding inherit_tablet inherit_phone\"  data-padding-pos=\"all\" data-has-bg-color=\"false\" data-bg-color=\"\" data-bg-opacity=\"1\" data-animation=\"\" data-delay=\"0\" >\n\t\t<div class=\"vc_column-inner\" >\n\t\t\t<div class=\"wpb_wrapper\">\n\t\t\t\t\n<div class=\"wpb_text_column wpb_content_element\" >\n\t<div class=\"wpb_wrapper\">\n\t\t<h3><span class=\"inner\">Zus\u00e4tzlich<\/span>\u00a0<span class=\"inner\">Information<\/span><\/h3>\n\t<\/div>\n<\/div>\n\n\n\n<div class=\"divider-wrap\" data-alignment=\"default\"><div style=\"height: 10px;\" class=\"divider\"><\/div><\/div>\n<div class=\"wpb_text_column wpb_content_element\" >\n\t<div class=\"wpb_wrapper\">\n\t\t<p>Im Auftrag verschiedener privater und gewerblicher Verk\u00e4ufer organisiert Classic Car Auctions diese Online-Auktion in Zusammenarbeit mit BVA Auctions. Sie k\u00f6nnen auf ein Auto bieten, indem Sie auf die Schaltfl\u00e4che \u201eBieten\u201c klicken, woraufhin Sie zum Auktionsbereich der Website von BVA Auctions weitergeleitet werden.<\/p>\n<p>Es ist immer m\u00f6glich, Autos f\u00fcr die n\u00e4chste Auktion einzustellen. F\u00fcr Informationen zu den Konditionen kontaktieren Sie uns bitte unter\u00a0<a href=\"https:\/\/archive.classiccar-auctions.com\/en\/contact\/\">unser Kontaktformular<\/a>.<\/p>\n<p>Da die Autos in der Auktion ohne Garantie verkauft werden, empfehlen wir Ihnen, die Autos an den Besichtigungstagen pers\u00f6nlich zu besichtigen. Es ist auch m\u00f6glich, dies von einem Experten durchf\u00fchren zu lassen. Auf Wunsch kann hierf\u00fcr ein spezieller Termin vereinbart werden. Bitte \u00fcberpr\u00fcfen Sie Ihre lokalen Fahrzeugregistrierungsgesetze vor dem Bieten. Weder der Verk\u00e4ufer noch Classic Car Auctions oder BVA Auctions sind f\u00fcr die Zulassung des Fahrzeugs in Ihrem Land verantwortlich.<\/p>\n<p>Die Losbeschreibung auf der Website erfolgt auf Basis der Classic Car Auctions bekannten Informationen. Classic Car Auctions ist keine Werkstatt oder Reparaturfirma und pr\u00fcft nicht, ob alles richtig funktioniert.<\/p>\n\t<\/div>\n<\/div>\n\n\n\n\n\t\t\t<\/div> \n\t\t<\/div>\n\t<\/div> \n<\/div><\/div>\n\t\t<div id=\"fws_69df2fbec2f63\"  data-column-margin=\"default\" data-midnight=\"dark\"  class=\"wpb_row vc_row-fluid vc_row\"  style=\"padding-top: 0px; padding-bottom: 0px; \"><div class=\"row-bg-wrap\" data-bg-animation=\"none\" data-bg-animation-delay=\"\" data-bg-overlay=\"false\"><div class=\"inner-wrap row-bg-layer\" ><div class=\"row-bg viewport-desktop\"  style=\"\"><\/div><\/div><\/div><div class=\"row_col_wrap_12 col span_12 dark left\">\n\t<div  class=\"vc_col-sm-12 wpb_column column_container vc_column_container col centered-text no-extra-padding inherit_tablet inherit_phone\"  data-padding-pos=\"all\" data-has-bg-color=\"false\" data-bg-color=\"\" data-bg-opacity=\"1\" data-animation=\"\" data-delay=\"0\" >\n\t\t<div class=\"vc_column-inner\" >\n\t\t\t<div class=\"wpb_wrapper\">\n\t\t\t\t<div class=\"divider-wrap\" data-alignment=\"default\"><div style=\"margin-top: 12.5px; width: 60px; height: 1px; margin-bottom: 12.5px;\" data-width=\"60px\" data-animate=\"yes\" data-animation-delay=\"\" data-color=\"extra-color-gradient-1\" class=\"divider-small-border\"><\/div><\/div>\n\t\t\t<\/div> \n\t\t<\/div>\n\t<\/div> \n<\/div><\/div>\n\t\t<div id=\"fws_69df2fbec33ad\"  data-column-margin=\"default\" data-midnight=\"dark\" data-top-percent=\"5%\" data-bottom-percent=\"5%\"  class=\"wpb_row vc_row-fluid vc_row full-width-section vc_row-o-equal-height vc_row-flex vc_row-o-content-middle  top_padding_tablet_20pct top_padding_phone_20pct bottom_padding_tablet_20pct bottom_padding_phone_20pct\"  style=\"padding-top: calc(100vw * 0.05); padding-bottom: calc(100vw * 0.05); \"><div class=\"row-bg-wrap\" data-bg-animation=\"none\" data-bg-animation-delay=\"\" data-bg-overlay=\"false\"><div class=\"inner-wrap row-bg-layer\" ><div class=\"row-bg viewport-desktop\"  style=\"\"><\/div><\/div><\/div><div class=\"row_col_wrap_12 col span_12 dark left\">\n\t<div  class=\"vc_col-sm-6 wpb_column column_container vc_column_container col no-extra-padding inherit_tablet inherit_phone\"  data-padding-pos=\"all\" data-has-bg-color=\"false\" data-bg-color=\"\" data-bg-opacity=\"1\" data-animation=\"\" data-delay=\"0\" >\n\t\t<div class=\"vc_column-inner\" >\n\t\t\t<div class=\"wpb_wrapper\">\n\t\t\t\t<div id=\"fws_69df2fbec3843\" data-midnight=\"\" data-column-margin=\"default\" class=\"wpb_row vc_row-fluid vc_row inner_row\"  style=\"\"><div class=\"row-bg-wrap\"> <div class=\"row-bg\" ><\/div> <\/div><div class=\"row_col_wrap_12_inner col span_12  left\">\n\t<div  class=\"vc_col-sm-12 wpb_column column_container vc_column_container col child_column no-extra-padding inherit_tablet inherit_phone\"   data-padding-pos=\"bottom\" data-has-bg-color=\"false\" data-bg-color=\"\" data-bg-opacity=\"1\" data-animation=\"\" data-delay=\"0\" >\n\t\t<div class=\"vc_column-inner\" >\n\t\t<div class=\"wpb_wrapper\">\n\t\t\t\n<div class=\"wpb_text_column wpb_content_element  vc_custom_1612360621406\" >\n\t<div class=\"wpb_wrapper\">\n\t\t<h3>Auktion Exklusiv &amp; Sportwagen<\/h3>\n\t<\/div>\n<\/div>\n\n\n\n<p style=\"font-size: 20px;line-height: 2em;text-align: left\" class=\"vc_custom_heading vc_do_custom_heading\" >Da einige Autos in der letzten Auktion den Mindestpreis nicht erreichten, wurde beschlossen, eine Nachauktion zu organisieren. Die Startbetr\u00e4ge sind die Betr\u00e4ge, auf denen die Autos in der vorherigen Auktion endeten.<\/p>\n\t\t<\/div> \n\t<\/div>\n\t<\/div> \n<\/div><\/div><div id=\"fws_69df2fbec413e\" data-midnight=\"\" data-column-margin=\"default\" class=\"wpb_row vc_row-fluid vc_row inner_row\"  style=\"\"><div class=\"row-bg-wrap\"> <div class=\"row-bg\" ><\/div> <\/div><div class=\"row_col_wrap_12_inner col span_12  left\">\n\t<div  class=\"vc_col-sm-12 wpb_column column_container vc_column_container col child_column has-animation no-extra-padding inherit_tablet inherit_phone\"   data-padding-pos=\"bottom\" data-has-bg-color=\"false\" data-bg-color=\"\" data-bg-opacity=\"1\" data-animation=\"fade-in-from-bottom\" data-delay=\"0\" >\n\t\t<div class=\"vc_column-inner\" >\n\t\t<div class=\"wpb_wrapper\">\n\t\t\t<div class=\"nectar-cta\" data-color=\"accent-color\" data-using-bg=\"true\" data-style=\"arrow-animation\" data-display=\"block\" data-alignment=\"left\" data-text-color=\"custom\" style=\"margin-top: 30px; \"><h6 style=\"color: #ffffff;\"><span class=\"link_wrap\" style=\"padding-top: 20px; padding-right: 40px; padding-bottom: 20px; padding-left: 40px;\"><a target=\"_blank\" class=\"link_text\" role=\"button\" href=\"https:\/\/www.bva-auctions.com\/nl\/auction\/index\/54251\"><span class=\"text\">Zur Auktion<\/span><svg class=\"next-arrow\" aria-hidden=\"true\" width=\"20px\" height=\"25px\" viewbox=\"0 0 50 80\" xml:space=\"preserve\">\n  <polyline stroke=\"#ffffff\" stroke-width=\"9\" fill=\"none\" stroke-linecap=\"round\" stroke-linejoin=\"round\" points=\"0, 0 45, 40 0, 80\"\/>\n  <\/svg>  <span aria-hidden=\"true\" class=\"line\"  style=\"background-color: #ffffff;\"><\/span> <\/a><\/span><\/h6><\/div>\n\t\t<\/div> \n\t<\/div>\n\t<\/div> \n<\/div><\/div>\n\t\t\t<\/div> \n\t\t<\/div>\n\t<\/div> \n\n\t<div  class=\"vc_col-sm-6 wpb_column column_container vc_column_container col has-animation padding-4-percent inherit_tablet inherit_phone\"  data-padding-pos=\"top-bottom\" data-has-bg-color=\"false\" data-bg-color=\"\" data-bg-opacity=\"1\" data-animation=\"fade-in-from-left\" data-delay=\"0\" >\n\t\t<div class=\"vc_column-inner\" >\n\t\t\t<div class=\"wpb_wrapper\">\n\t\t\t\t\n\t<div class=\"wpb_gallery wpb_content_element clearfix\">\n\t\t<div class=\"wpb_wrapper\"><div class=\"wpb_gallery_slidesnectarslider_style\" data-onclick=\"custom_link\" data-interval=\"5\"><div class=\"nectar-slider-wrap\" style=\"height: 400px\" data-image-rendering=\"default\" data-flexible-height=\"\" data-overall_style=\"classic\" data-button-styling=\"btn_with_count\" data-fullscreen=\"false\"  data-full-width=\"false\" data-parallax=\"false\" data-autorotate=\"5500\" id=\"ns-id-69df2fbec4853\"><div class=\"swiper-container\" style=\"height: 400px\" data-loop=\"false\" data-height=\"400\" data-bullets=\"\" data-bullet_style=\"see_through\" data-arrows=\"true\" data-desktop-swipe=\"false\" data-settings=\"\"><div class=\"swiper-wrapper\"><div class=\"swiper-slide\" data-bg-alignment=\"center\" data-color-scheme=\"light\" data-x-pos=\"centered\" data-y-pos=\"middle\"><div class=\"image-bg\" style=\"background-image: url(https:\/\/archive.classiccar-auctions.com\/wp-content\/uploads\/2020\/12\/53069-4-1.jpg);\">  &nbsp; <\/div><a class=\"entire-slide-link ext-url-link\" href=\"https:\/\/www.bva-auctions.com\/nl\/auction\/index\/54251\" target=\"_blank\"><\/a><span class=\"ie-fix\"><\/span> <\/div><!--\/swiper-slide--><div class=\"swiper-slide\" data-bg-alignment=\"center\" data-color-scheme=\"light\" data-x-pos=\"centered\" data-y-pos=\"middle\"><div class=\"image-bg\" style=\"background-image: url(https:\/\/archive.classiccar-auctions.com\/wp-content\/uploads\/2020\/12\/53069-9-1.jpg);\">  &nbsp; <\/div><a class=\"entire-slide-link ext-url-link\" href=\"https:\/\/www.bva-auctions.com\/nl\/auction\/index\/54251\" target=\"_blank\"><\/a><span class=\"ie-fix\"><\/span> <\/div><!--\/swiper-slide--><div class=\"swiper-slide\" data-bg-alignment=\"center\" data-color-scheme=\"light\" data-x-pos=\"centered\" data-y-pos=\"middle\"><div class=\"image-bg\" style=\"background-image: url(https:\/\/archive.classiccar-auctions.com\/wp-content\/uploads\/2020\/12\/53069-14-1-1.jpg);\">  &nbsp; <\/div><a class=\"entire-slide-link ext-url-link\" href=\"https:\/\/www.bva-auctions.com\/nl\/auction\/index\/54251\" target=\"_blank\"><\/a><span class=\"ie-fix\"><\/span> <\/div><!--\/swiper-slide--><div class=\"swiper-slide\" data-bg-alignment=\"center\" data-color-scheme=\"light\" data-x-pos=\"centered\" data-y-pos=\"middle\"><div class=\"image-bg\" style=\"background-image: url(https:\/\/archive.classiccar-auctions.com\/wp-content\/uploads\/2020\/12\/53069-27-1.jpg);\">  &nbsp; <\/div><a class=\"entire-slide-link ext-url-link\" href=\"https:\/\/www.bva-auctions.com\/nl\/auction\/index\/54251\" target=\"_blank\"><\/a><span class=\"ie-fix\"><\/span> <\/div><!--\/swiper-slide--><div class=\"swiper-slide\" data-bg-alignment=\"center\" data-color-scheme=\"light\" data-x-pos=\"centered\" data-y-pos=\"middle\"><div class=\"image-bg\" style=\"background-image: url(https:\/\/archive.classiccar-auctions.com\/wp-content\/uploads\/2020\/12\/53069-30-1.jpg);\">  &nbsp; <\/div><a class=\"entire-slide-link ext-url-link\" href=\"https:\/\/www.bva-auctions.com\/nl\/auction\/index\/54251\" target=\"_blank\"><\/a><span class=\"ie-fix\"><\/span> <\/div><!--\/swiper-slide--><\/div><a href=\"\" class=\"slider-prev\"><i class=\"icon-salient-left-arrow\"><\/i> <div class=\"slide-count\"> <span class=\"slide-current\">1<\/span> <i class=\"icon-salient-right-line\"><\/i> <span class=\"slide-total\"><\/span> <\/div> <\/a>\n\t\t\t     \t\t<a href=\"\" class=\"slider-next\"><i class=\"icon-salient-right-arrow\"><\/i> <div class=\"slide-count\"> <span class=\"slide-current\">1<\/span> <i class=\"icon-salient-right-line\"><\/i> <span class=\"slide-total\"><\/span> <\/div> <\/a><div class=\"nectar-slider-loading\"><\/div><\/div><\/div><\/div>\n\t\t<\/div> \n\t<\/div> \n\t\t\t<\/div> \n\t\t<\/div>\n\t<\/div> \n<\/div><\/div>","protected":false},"excerpt":{"rendered":"Naveiling Exclusive &amp; Sports Cars te Uithoorn Wij hebben aanvullende maatregelen &amp; mogelijkheden voor de lopende veilingen ingezet. Meer weten? Bekijk de COVID-19 veelgestelde vragen. Veilingdata Start veiling: Woensdag 3...","protected":false},"author":1,"featured_media":0,"parent":0,"menu_order":0,"comment_status":"closed","ping_status":"closed","template":"","meta":{"footnotes":""},"class_list":["post-414930","page","type-page","status-publish"],"_links":{"self":[{"href":"https:\/\/archive.classiccar-auctions.com\/de\/wp-json\/wp\/v2\/pages\/414930","targetHints":{"allow":["GET"]}}],"collection":[{"href":"https:\/\/archive.classiccar-auctions.com\/de\/wp-json\/wp\/v2\/pages"}],"about":[{"href":"https:\/\/archive.classiccar-auctions.com\/de\/wp-json\/wp\/v2\/types\/page"}],"author":[{"embeddable":true,"href":"https:\/\/archive.classiccar-auctions.com\/de\/wp-json\/wp\/v2\/users\/1"}],"replies":[{"embeddable":true,"href":"https:\/\/archive.classiccar-auctions.com\/de\/wp-json\/wp\/v2\/comments?post=414930"}],"version-history":[{"count":0,"href":"https:\/\/archive.classiccar-auctions.com\/de\/wp-json\/wp\/v2\/pages\/414930\/revisions"}],"wp:attachment":[{"href":"https:\/\/archive.classiccar-auctions.com\/de\/wp-json\/wp\/v2\/media?parent=414930"}],"curies":[{"name":"wp","href":"https:\/\/api.w.org\/{rel}","templated":true}]}}